{"id":5364,"date":"2024-05-10T20:28:49","date_gmt":"2024-05-10T20:28:49","guid":{"rendered":"https:\/\/catalunyaparkhotels.com\/HC\/?page_id=5364"},"modified":"2024-05-10T20:35:50","modified_gmt":"2024-05-10T20:35:50","slug":"politica-de-privacitat","status":"publish","type":"page","link":"https:\/\/catalunyaparkhotels.com\/HC\/politica-de-privacitat\/","title":{"rendered":"Pol\u00edtica de Privacitat"},"content":{"rendered":"\t\t<div data-elementor-type=\"wp-page\" data-elementor-id=\"5364\" class=\"elementor elementor-5364\" data-elementor-post-type=\"page\">\n\t\t\t\t\t\t<section class=\"elementor-section elementor-top-section elementor-element elementor-element-35fcc9c elementor-section-boxed elementor-section-height-default elementor-section-height-default\" data-id=\"35fcc9c\" data-element_type=\"section\" data-settings=\"{&quot;background_background&quot;:&quot;classic&quot;}\">\n\t\t\t\t\t\t\t<div class=\"elementor-background-overlay\"><\/div>\n\t\t\t\t\t\t\t<div class=\"elementor-container elementor-column-gap-default\">\n\t\t\t\t\t<div class=\"elementor-column elementor-col-100 elementor-top-column elementor-element elementor-element-296f5a8\" data-id=\"296f5a8\" data-element_type=\"column\">\n\t\t\t<div class=\"elementor-widget-wrap elementor-element-populated\">\n\t\t\t\t\t\t<div class=\"elementor-element elementor-element-0c4ede0 elementor-widget elementor-widget-heading\" data-id=\"0c4ede0\" data-element_type=\"widget\" data-widget_type=\"heading.default\">\n\t\t\t\t<div class=\"elementor-widget-container\">\n\t\t\t\t\t<h1 class=\"elementor-heading-title elementor-size-default\"><span style=\"font-weight: normal\">Pol\u00edtica de Privacitat<\/span><\/h1>\t\t\t\t<\/div>\n\t\t\t\t<\/div>\n\t\t\t\t\t<\/div>\n\t\t<\/div>\n\t\t\t\t\t<\/div>\n\t\t<\/section>\n\t\t\t\t<section class=\"elementor-section elementor-top-section elementor-element elementor-element-2b0c3b8 elementor-section-boxed elementor-section-height-default elementor-section-height-default\" data-id=\"2b0c3b8\" data-element_type=\"section\">\n\t\t\t\t\t\t<div class=\"elementor-container elementor-column-gap-default\">\n\t\t\t\t\t<div class=\"elementor-column elementor-col-100 elementor-top-column elementor-element elementor-element-8f79c84\" data-id=\"8f79c84\" data-element_type=\"column\">\n\t\t\t<div class=\"elementor-widget-wrap elementor-element-populated\">\n\t\t\t\t\t\t<div class=\"elementor-element elementor-element-c8c8d45 elementor-widget elementor-widget-text-editor\" data-id=\"c8c8d45\" data-element_type=\"widget\" data-widget_type=\"text-editor.default\">\n\t\t\t\t<div class=\"elementor-widget-container\">\n\t\t\t\t\t\t\t\t\t<p><strong>\u00daltima modificaci\u00f3:<\/strong> Maig 2024<\/p><p>La Pol\u00edtica de Privacitat forma part de les Condicions Generals que regeixen la p\u00e0gina <a href=\"http:\/\/www.hotelscatalunya.com\/\" target=\"_new\" rel=\"noreferrer\">www.hotelscatalunya.com<\/a> juntament amb la Pol\u00edtica de Cookies i l&#8217;Av\u00eds Legal.<\/p><p>Hotels Catalunya, gestionat per Pymeralia, es reserva el dret de modificar o adaptar la present Pol\u00edtica de Privacitat en qualsevol moment. Per tant, et recomanem que revisis aquesta pol\u00edtica cada vegada que accedeixis a la p\u00e0gina web. En cas que t\u2019hagis registrat al web i accedeixis al teu compte o perfil, se t&#8217;informar\u00e0 si hi ha hagut modificacions substancials relacionades amb el tractament de les teves dades personals.<\/p><h3>Qui \u00e9s el Responsable del tractament de les teves dades personals?<\/h3><p>Les dades que es recullin o ens facilitis volunt\u00e0riament a trav\u00e9s de la p\u00e0gina web, ja sigui navegant-hi, aix\u00ed com totes aquelles que ens puguis facilitar als formularis de contacte, per correu electr\u00f2nic o per tel\u00e8fon, seran recollides i tractades pel Responsable del Tractament, els detalls del qual s&#8217;indiquen a continuaci\u00f3:<\/p><p><strong>Hotels Catalunya<\/strong><br \/>Carrer Sant Quint\u00ed 37<br \/>17534 Ribes de Freser &#8211; Vall de Ribes (Girona)<br \/>Tel.: 972 72 70 17<br \/><a target=\"_new\" rel=\"noreferrer\">info@catalunyaparkhotels.com<\/a><\/p><h3>Amb quines finalitats tractarem les teves dades personals?<\/h3><ul><li>Respondre les teves consultes, sol\u00b7licituds o peticions.<\/li><li>Gestionar el servei sol\u00b7licitat, respondre la teva sol\u00b7licitud o tramitar la teva petici\u00f3.<\/li><li>Proporcionar informaci\u00f3 per mitjans electr\u00f2nics, relacionada amb la teva sol\u00b7licitud.<\/li><li>Informaci\u00f3 comercial o d&#8217;esdeveniments per mitjans electr\u00f2nics, sempre que hi hagi autoritzaci\u00f3 expressa.<\/li><li>Realitzar an\u00e0lisis i millores al web dels nostres productes i serveis.<\/li><li>Millorar la nostra estrat\u00e8gia comercial.<\/li><\/ul><h3>Quina \u00e9s la legitimaci\u00f3 per al tractament de les teves dades?<\/h3><p>L&#8217;acceptaci\u00f3 i consentiment de l&#8217;interessat: en aquells casos on per realitzar una sol\u00b7licitud sigui necessari omplir un formulari i fer clic al bot\u00f3 d&#8217;enviament, fer-ho implicar\u00e0 necess\u00e0riament que hagis estat informat i hagis atorgat expressament el teu consentiment al contingut de la cl\u00e0usula annexada al formulari o l&#8217;acceptaci\u00f3 de la pol\u00edtica de privacitat.<\/p><h3>A qui comunicarem les teves dades?<\/h3><p>Les teves dades no es cediran a tercers, excepte per obligaci\u00f3 legal.<\/p><h3>Durant quant de temps guardarem les teves dades?<\/h3><p>Les dades personals es mantindran mentre es mantingui la vinculaci\u00f3 amb el Responsable. En finalitzar, les dades personals tractades a cadascuna de les finalitats indicades es mantindran durant els terminis legalment previstos o durant el termini que un jutge o tribunal els pugui requerir, atenent el termini de prescripci\u00f3 d&#8217;accions judicials. Les dades tractades es mantindran mentre no expirin els terminis legals al\u00b7ludits anteriorment, si hi ha obligaci\u00f3 legal de manteniment, o si no hi ha aquest termini legal, fins que l&#8217;interessat sol\u00b7liciti la seva supressi\u00f3 o revoqui el consentiment atorgat.<\/p><h3>Quins s\u00f3n els teus drets?<\/h3><ul><li>Saber si estem tractant les teves dades o no.<\/li><li>Accedir a les teves dades personals.<\/li><li>Sol\u00b7licitar la rectificaci\u00f3 de les teves dades si s\u00f3n inexactes.<\/li><li>Sol\u00b7licitar la supressi\u00f3 de les teves dades si ja no s\u00f3n necess\u00e0ries per als fins per als quals van ser recollides o si retires el consentiment atorgat.<\/li><li>Sol\u00b7licitar la limitaci\u00f3 del tractament de les teves dades, en alguns casos, en aquest cas nom\u00e9s es conservaran d&#8217;acord amb la normativa vigent.<\/li><li>Portar les teves dades, que se&#8217;t facilitaran en un format estructurat, d&#8217;\u00fas com\u00fa o lectura mec\u00e0nica.<\/li><li>Presentar una reclamaci\u00f3 davant l&#8217;Ag\u00e8ncia Espanyola de Protecci\u00f3 de Dades o autoritat de control competent si creus que no t&#8217;hem at\u00e8s correctament.<\/li><li>Revocar el consentiment per a cada finalitat espec\u00edfica, sense que aix\u00f2 afecti la licitud del tractament basat en el consentiment previ.<\/li><\/ul><h3>Com pots exercir els teus drets?<\/h3><p>Et informem que podr\u00e0s exercir els drets d&#8217;acc\u00e9s, rectificaci\u00f3, supressi\u00f3 i oposici\u00f3, mitjan\u00e7ant un escrit juntament amb una fotoc\u00f2pia del DNI a la seg\u00fcent adre\u00e7a:<\/p><p><strong>Hotels Catalunya<\/strong><br \/>Carrer Sant Quint\u00ed 37<br \/>17534 Ribes de Freser &#8211; Vall de Ribes (Girona)<br \/>Tel.: 972 72 70 17<br \/><a target=\"_new\" rel=\"noreferrer\">info@catalunyaparkhotels.com<\/a><\/p><p>En determinats casos, l&#8217;interessat podr\u00e0 sol\u00b7licitar la limitaci\u00f3 del tractament de les seves dades, en aquest cas nom\u00e9s es conservaran d&#8217;acord amb la normativa vigent.<\/p><p>Per deixar de rebre la nostra newsletter, pots donar-te de baixa a <a target=\"_new\" rel=\"noreferrer\">info@catalunyaparkhotels.com<\/a>.<\/p><p>En determinats casos, pots exercir el teu dret a la portabilitat de les dades, que se&#8217;t lliuraran en un format estructurat, d&#8217;\u00fas com\u00fa o lectura mec\u00e0nica a tu o al nou responsable del tractament que designis. Tens dret a revocar en qualsevol moment el consentiment per a qualsevol dels tractaments per als quals l&#8217;has atorgat.<\/p><p>S&#8217;informa l&#8217;interessat o el seu representant que podr\u00e0 presentar una reclamaci\u00f3 davant l&#8217;Ag\u00e8ncia Espanyola de Protecci\u00f3 de Dades, en cas que consideri que no s&#8217;ha at\u00e8s convenientment l&#8217;exercici dels seus drets.<\/p><h3>Reserva de cookies<\/h3><p>Hotels Catalunya es reserva el dret d&#8217;utilitzar cookies en la navegaci\u00f3 de l&#8217;usuari per la seva p\u00e0gina web amb objectius t\u00e8cnics i per facilitar, millorar i personalitzar la navegaci\u00f3 dels usuaris. Hotels Catalunya informa que les cookies s&#8217;associen a l&#8217;usuari an\u00f2nim i al seu ordinador, de manera que quan l&#8217;usuari torna a visitar el lloc web es llegeixen les cookies per identificar l&#8217;usuari i establir les seves prefer\u00e8ncies de navegaci\u00f3.<\/p><p>No obstant aix\u00f2, l&#8217;usuari t\u00e9 la possibilitat de configurar les opcions del seu navegador de manera que se l&#8217;informi de la recepci\u00f3 de cookies, podent, si aix\u00ed ho considera oport\u00fa, impedir que s&#8217;instal\u00b7lin al seu terminal. No obstant aix\u00f2, per accedir al lloc web d&#8217;Hotels Catalunya no ser\u00e0 obligatori instal\u00b7lar cookies. Es poden configurar les categories de cookies opcionals clicant el bot\u00f3 d&#8217;ajust de cookies.<\/p><h3>Reproducci\u00f3 de v\u00eddeos<\/h3><p>La reproducci\u00f3 de v\u00eddeos de YouTube s&#8217;implementa com una aplicaci\u00f3 API de dades de YouTube. L&#8217;\u00fas de l&#8217;API de YouTube es regeix pels <strong>\u00abTermes de servei de YouTube\u00bb<\/strong> i la <strong>\u00abPol\u00edtica de privacitat de Google\u00bb<\/strong>.<\/p><h3>Recollida de fotos o v\u00eddeos des de l&#8217;aplicaci\u00f3 m\u00f2bil d&#8217;Hotels Catalunya<\/h3><p>Els usuaris poden triar si permeten recollir fotos i\/o v\u00eddeos des de l&#8217;app d&#8217;Hotels Catalunya, es mostra un pop-up al client amb aquesta sol\u00b7licitud. Aquestes dades de l&#8217;usuari es recullen per a funcionalitats de l&#8217;app, com poder obrir incid\u00e8ncies a atenci\u00f3 al client adjuntant fotos i\/o v\u00eddeos. No es processen de forma temporal.<\/p>\t\t\t\t\t\t\t\t<\/div>\n\t\t\t\t<\/div>\n\t\t\t\t\t<\/div>\n\t\t<\/div>\n\t\t\t\t\t<\/div>\n\t\t<\/section>\n\t\t\t\t<\/div>\n\t\t","protected":false},"excerpt":{"rendered":"<p>Pol\u00edtica de Privacitat \u00daltima modificaci\u00f3: Maig 2024 La Pol\u00edtica de Privacitat forma part de les Condicions Generals que regeixen la p\u00e0gina www.hotelscatalunya.com juntament amb la Pol\u00edtica de Cookies i l&#8217;Av\u00eds Legal. Hotels Catalunya, gestionat per Pymeralia, es reserva el dret de modificar o adaptar la present Pol\u00edtica de Privacitat en qualsevol moment. Per tant, et [&hellip;]<\/p>\n","protected":false},"author":3,"featured_media":0,"parent":0,"menu_order":0,"comment_status":"closed","ping_status":"closed","template":"","meta":{"footnotes":""},"class_list":["post-5364","page","type-page","status-publish","hentry"],"yoast_head":"<!-- This site is optimized with the Yoast SEO plugin v24.5 - https:\/\/yoast.com\/wordpress\/plugins\/seo\/ -->\n<title>Pol\u00edtica de Privacitat - Hotel Catalunya<\/title>\n<meta name=\"robots\" content=\"index, follow, max-snippet:-1, max-image-preview:large, max-video-preview:-1\" \/>\n<link rel=\"canonical\" href=\"https:\/\/catalunyaparkhotels.com\/HC\/politica-de-privacitat\/\" \/>\n<meta property=\"og:locale\" content=\"es_ES\" \/>\n<meta property=\"og:type\" content=\"article\" \/>\n<meta property=\"og:title\" content=\"Pol\u00edtica de Privacitat - Hotel Catalunya\" \/>\n<meta property=\"og:description\" content=\"Pol\u00edtica de Privacitat \u00daltima modificaci\u00f3: Maig 2024 La Pol\u00edtica de Privacitat forma part de les Condicions Generals que regeixen la p\u00e0gina www.hotelscatalunya.com juntament amb la Pol\u00edtica de Cookies i l&#8217;Av\u00eds Legal. Hotels Catalunya, gestionat per Pymeralia, es reserva el dret de modificar o adaptar la present Pol\u00edtica de Privacitat en qualsevol moment. Per tant, et [&hellip;]\" \/>\n<meta property=\"og:url\" content=\"https:\/\/catalunyaparkhotels.com\/HC\/politica-de-privacitat\/\" \/>\n<meta property=\"og:site_name\" content=\"Hotel Catalunya\" \/>\n<meta property=\"article:modified_time\" content=\"2024-05-10T20:35:50+00:00\" \/>\n<meta name=\"twitter:label1\" content=\"Tiempo de lectura\" \/>\n\t<meta name=\"twitter:data1\" content=\"1 minuto\" \/>\n<script type=\"application\/ld+json\" class=\"yoast-schema-graph\">{\"@context\":\"https:\/\/schema.org\",\"@graph\":[{\"@type\":\"WebPage\",\"@id\":\"https:\/\/catalunyaparkhotels.com\/HC\/politica-de-privacitat\/\",\"url\":\"https:\/\/catalunyaparkhotels.com\/HC\/politica-de-privacitat\/\",\"name\":\"Pol\u00edtica de Privacitat - Hotel Catalunya\",\"isPartOf\":{\"@id\":\"https:\/\/catalunyaparkhotels.com\/HC\/#website\"},\"datePublished\":\"2024-05-10T20:28:49+00:00\",\"dateModified\":\"2024-05-10T20:35:50+00:00\",\"breadcrumb\":{\"@id\":\"https:\/\/catalunyaparkhotels.com\/HC\/politica-de-privacitat\/#breadcrumb\"},\"inLanguage\":\"es\",\"potentialAction\":[{\"@type\":\"ReadAction\",\"target\":[\"https:\/\/catalunyaparkhotels.com\/HC\/politica-de-privacitat\/\"]}]},{\"@type\":\"BreadcrumbList\",\"@id\":\"https:\/\/catalunyaparkhotels.com\/HC\/politica-de-privacitat\/#breadcrumb\",\"itemListElement\":[{\"@type\":\"ListItem\",\"position\":1,\"name\":\"Portada\",\"item\":\"https:\/\/catalunyaparkhotels.com\/HC\/\"},{\"@type\":\"ListItem\",\"position\":2,\"name\":\"Pol\u00edtica de Privacitat\"}]},{\"@type\":\"WebSite\",\"@id\":\"https:\/\/catalunyaparkhotels.com\/HC\/#website\",\"url\":\"https:\/\/catalunyaparkhotels.com\/HC\/\",\"name\":\"Hotel Catalunya\",\"description\":\"Catalunya Park Hotels \u00b7 Hotels de Turisme familiar \u00b7 Vacances a la Vall de Ribes \u00b7 Excursions a Vall de N\u00faria. llocs web\",\"potentialAction\":[{\"@type\":\"SearchAction\",\"target\":{\"@type\":\"EntryPoint\",\"urlTemplate\":\"https:\/\/catalunyaparkhotels.com\/HC\/?s={search_term_string}\"},\"query-input\":{\"@type\":\"PropertyValueSpecification\",\"valueRequired\":true,\"valueName\":\"search_term_string\"}}],\"inLanguage\":\"es\"}]}<\/script>\n<!-- \/ Yoast SEO plugin. -->","yoast_head_json":{"title":"Pol\u00edtica de Privacitat - Hotel Catalunya","robots":{"index":"index","follow":"follow","max-snippet":"max-snippet:-1","max-image-preview":"max-image-preview:large","max-video-preview":"max-video-preview:-1"},"canonical":"https:\/\/catalunyaparkhotels.com\/HC\/politica-de-privacitat\/","og_locale":"es_ES","og_type":"article","og_title":"Pol\u00edtica de Privacitat - Hotel Catalunya","og_description":"Pol\u00edtica de Privacitat \u00daltima modificaci\u00f3: Maig 2024 La Pol\u00edtica de Privacitat forma part de les Condicions Generals que regeixen la p\u00e0gina www.hotelscatalunya.com juntament amb la Pol\u00edtica de Cookies i l&#8217;Av\u00eds Legal. Hotels Catalunya, gestionat per Pymeralia, es reserva el dret de modificar o adaptar la present Pol\u00edtica de Privacitat en qualsevol moment. Per tant, et [&hellip;]","og_url":"https:\/\/catalunyaparkhotels.com\/HC\/politica-de-privacitat\/","og_site_name":"Hotel Catalunya","article_modified_time":"2024-05-10T20:35:50+00:00","twitter_misc":{"Tiempo de lectura":"1 minuto"},"schema":{"@context":"https:\/\/schema.org","@graph":[{"@type":"WebPage","@id":"https:\/\/catalunyaparkhotels.com\/HC\/politica-de-privacitat\/","url":"https:\/\/catalunyaparkhotels.com\/HC\/politica-de-privacitat\/","name":"Pol\u00edtica de Privacitat - Hotel Catalunya","isPartOf":{"@id":"https:\/\/catalunyaparkhotels.com\/HC\/#website"},"datePublished":"2024-05-10T20:28:49+00:00","dateModified":"2024-05-10T20:35:50+00:00","breadcrumb":{"@id":"https:\/\/catalunyaparkhotels.com\/HC\/politica-de-privacitat\/#breadcrumb"},"inLanguage":"es","potentialAction":[{"@type":"ReadAction","target":["https:\/\/catalunyaparkhotels.com\/HC\/politica-de-privacitat\/"]}]},{"@type":"BreadcrumbList","@id":"https:\/\/catalunyaparkhotels.com\/HC\/politica-de-privacitat\/#breadcrumb","itemListElement":[{"@type":"ListItem","position":1,"name":"Portada","item":"https:\/\/catalunyaparkhotels.com\/HC\/"},{"@type":"ListItem","position":2,"name":"Pol\u00edtica de Privacitat"}]},{"@type":"WebSite","@id":"https:\/\/catalunyaparkhotels.com\/HC\/#website","url":"https:\/\/catalunyaparkhotels.com\/HC\/","name":"Hotel Catalunya","description":"Catalunya Park Hotels \u00b7 Hotels de Turisme familiar \u00b7 Vacances a la Vall de Ribes \u00b7 Excursions a Vall de N\u00faria. llocs web","potentialAction":[{"@type":"SearchAction","target":{"@type":"EntryPoint","urlTemplate":"https:\/\/catalunyaparkhotels.com\/HC\/?s={search_term_string}"},"query-input":{"@type":"PropertyValueSpecification","valueRequired":true,"valueName":"search_term_string"}}],"inLanguage":"es"}]}},"_links":{"self":[{"href":"https:\/\/catalunyaparkhotels.com\/HC\/wp-json\/wp\/v2\/pages\/5364","targetHints":{"allow":["GET"]}}],"collection":[{"href":"https:\/\/catalunyaparkhotels.com\/HC\/wp-json\/wp\/v2\/pages"}],"about":[{"href":"https:\/\/catalunyaparkhotels.com\/HC\/wp-json\/wp\/v2\/types\/page"}],"author":[{"embeddable":true,"href":"https:\/\/catalunyaparkhotels.com\/HC\/wp-json\/wp\/v2\/users\/3"}],"replies":[{"embeddable":true,"href":"https:\/\/catalunyaparkhotels.com\/HC\/wp-json\/wp\/v2\/comments?post=5364"}],"version-history":[{"count":4,"href":"https:\/\/catalunyaparkhotels.com\/HC\/wp-json\/wp\/v2\/pages\/5364\/revisions"}],"predecessor-version":[{"id":5380,"href":"https:\/\/catalunyaparkhotels.com\/HC\/wp-json\/wp\/v2\/pages\/5364\/revisions\/5380"}],"wp:attachment":[{"href":"https:\/\/catalunyaparkhotels.com\/HC\/wp-json\/wp\/v2\/media?parent=5364"}],"curies":[{"name":"wp","href":"https:\/\/api.w.org\/{rel}","templated":true}]}}