{"id":5365,"date":"2024-05-10T20:29:33","date_gmt":"2024-05-10T20:29:33","guid":{"rendered":"https:\/\/catalunyaparkhotels.com\/HC\/?page_id=5365"},"modified":"2024-05-10T20:45:21","modified_gmt":"2024-05-10T20:45:21","slug":"politica-de-cookies","status":"publish","type":"page","link":"https:\/\/catalunyaparkhotels.com\/HC\/politica-de-cookies\/","title":{"rendered":"Pol\u00edtica de Cookies"},"content":{"rendered":"\t\t<div data-elementor-type=\"wp-page\" data-elementor-id=\"5365\" class=\"elementor elementor-5365\" data-elementor-post-type=\"page\">\n\t\t\t\t\t\t<section class=\"elementor-section elementor-top-section elementor-element elementor-element-35fcc9c elementor-section-boxed elementor-section-height-default elementor-section-height-default\" data-id=\"35fcc9c\" data-element_type=\"section\" data-settings=\"{&quot;background_background&quot;:&quot;classic&quot;}\">\n\t\t\t\t\t\t\t<div class=\"elementor-background-overlay\"><\/div>\n\t\t\t\t\t\t\t<div class=\"elementor-container elementor-column-gap-default\">\n\t\t\t\t\t<div class=\"elementor-column elementor-col-100 elementor-top-column elementor-element elementor-element-296f5a8\" data-id=\"296f5a8\" data-element_type=\"column\">\n\t\t\t<div class=\"elementor-widget-wrap elementor-element-populated\">\n\t\t\t\t\t\t<div class=\"elementor-element elementor-element-0c4ede0 elementor-widget elementor-widget-heading\" data-id=\"0c4ede0\" data-element_type=\"widget\" data-widget_type=\"heading.default\">\n\t\t\t\t<div class=\"elementor-widget-container\">\n\t\t\t\t\t<h1 class=\"elementor-heading-title elementor-size-default\"><span style=\"font-weight: normal\">Pol\u00edtica de Cookies<\/span><\/h1>\t\t\t\t<\/div>\n\t\t\t\t<\/div>\n\t\t\t\t\t<\/div>\n\t\t<\/div>\n\t\t\t\t\t<\/div>\n\t\t<\/section>\n\t\t\t\t<section class=\"elementor-section elementor-top-section elementor-element elementor-element-362c616 elementor-section-boxed elementor-section-height-default elementor-section-height-default\" data-id=\"362c616\" data-element_type=\"section\">\n\t\t\t\t\t\t<div class=\"elementor-container elementor-column-gap-default\">\n\t\t\t\t\t<div class=\"elementor-column elementor-col-100 elementor-top-column elementor-element elementor-element-dbb2b2f\" data-id=\"dbb2b2f\" data-element_type=\"column\">\n\t\t\t<div class=\"elementor-widget-wrap elementor-element-populated\">\n\t\t\t\t\t\t<div class=\"elementor-element elementor-element-f8db4ba elementor-widget elementor-widget-text-editor\" data-id=\"f8db4ba\" data-element_type=\"widget\" data-widget_type=\"text-editor.default\">\n\t\t\t\t<div class=\"elementor-widget-container\">\n\t\t\t\t\t\t\t\t\t<p><strong>\u00daltima modificaci\u00f3:<\/strong> Maig 2024<\/p><p>El Reial decret llei 13\/2012, de 30 de mar\u00e7, va realitzar la transposici\u00f3 de diverses Directives, entre elles, la Directiva 2009\/136\/CE, del Parlament Europeu i del Consell, de 25 de novembre de 2009 (coneguda com a \u201cDirectiva de cookies\u201d) i la Directiva 2009\/140\/CE, del Parlament Europeu i del Consell, de 25 de novembre de 2009 (Millor Regulaci\u00f3 en les comunicacions electr\u00f2niques).<\/p><p>Aquest fet va derivar en la modificaci\u00f3 de l\u2019article 22.2 de la Llei 34\/2002, d&#8217;11 de juliol, de serveis de la societat de la informaci\u00f3 i de comer\u00e7 electr\u00f2nic:<\/p><blockquote><p>\u201c2. Els prestadors de serveis podran utilitzar dispositius d&#8217;emmagatzematge i recuperaci\u00f3 de dades en equips terminals dels destinataris, sempre que aquests hagin donat el seu consentiment despr\u00e9s que se&#8217;ls hagi facilitat informaci\u00f3 clara i completa sobre el seu \u00fas, en particular, sobre els fins del tractament de les dades, segons el que disposa la Llei Org\u00e0nica 15\/1999, de 13 de desembre, de Protecci\u00f3 de Dades de Car\u00e0cter Personal.<\/p><p>Quan sigui t\u00e8cnicament possible i efica\u00e7, el consentiment del destinatari per acceptar el tractament de les dades podr\u00e0 facilitar-se mitjan\u00e7ant l&#8217;\u00fas dels par\u00e0metres adequats del navegador o d&#8217;altres aplicacions, sempre que aquest hagi de procedir a la seva configuraci\u00f3 durant la instal\u00b7laci\u00f3 o actualitzaci\u00f3 mitjan\u00e7ant una acci\u00f3 expressa a tal efecte.<\/p><p>L&#8217;anterior no impedir\u00e0 el possible emmagatzematge o acc\u00e9s t\u00e8cnic nom\u00e9s amb la finalitat d&#8217;efectuar la transmissi\u00f3 d&#8217;una comunicaci\u00f3 per una xarxa de comunicacions electr\u00f2niques o, en la mesura que sigui estrictament necessari, per a la prestaci\u00f3 d&#8217;un servei de la societat de la informaci\u00f3 expressament sol\u00b7licitat pel destinatari.\u201d<\/p><\/blockquote><h3>Definici\u00f3 de cookies<\/h3><p>Les cookies s\u00f3n fitxers que es poden descarregar al teu dispositiu a trav\u00e9s de les p\u00e0gines web. S\u00f3n eines que tenen un paper essencial per a la prestaci\u00f3 de nombrosos serveis de la societat de la informaci\u00f3. Entre altres, permeten a una p\u00e0gina web emmagatzemar i recuperar informaci\u00f3 sobre els h\u00e0bits de navegaci\u00f3 d&#8217;un usuari o del seu dispositiu i, depenent de la informaci\u00f3 obtinguda, es poden utilitzar per recon\u00e8ixer l&#8217;usuari i millorar el servei ofert.<\/p><h3>Tipus de cookies<\/h3><p>Segons qui sigui l&#8217;entitat que gestioni el domini des d&#8217;on s&#8217;envien les cookies i tracti les dades obtingudes, es poden distingir dos tipus:<\/p><ul><li><p><strong>Cookies pr\u00f2pies:<\/strong> S\u00f3n aquelles que s&#8217;envien al dispositiu de l&#8217;usuari des d&#8217;un equip o domini gestionat pel mateix editor i des del qual es presta el servei sol\u00b7licitat per l&#8217;usuari.<\/p><\/li><li><p><strong>Cookies de tercers:<\/strong> S\u00f3n aquelles que s&#8217;envien al dispositiu de l&#8217;usuari des d&#8217;un equip o domini que no \u00e9s gestionat per l&#8217;editor, sin\u00f3 per una altra entitat que tracta les dades obtingudes mitjan\u00e7ant les cookies.<\/p><\/li><\/ul><p>Tamb\u00e9 existeix una segona classificaci\u00f3 segons el temps que romanen emmagatzemades al navegador del client, podent ser de:<\/p><ul><li><p><strong>Cookies de sessi\u00f3:<\/strong> S\u00f3n un tipus de cookies dissenyades per recollir i emmagatzemar dades mentre l&#8217;usuari accedeix a una p\u00e0gina web. S\u2019eliminen un cop finalitzada la sessi\u00f3.<\/p><\/li><li><p><strong>Cookies persistents:<\/strong> S\u00f3n un tipus de cookies en qu\u00e8 les dades segueixen emmagatzemades en el terminal i s&#8217;hi pot accedir i tractar durant un per\u00edode definit pel responsable de la cookie.<\/p><\/li><\/ul><p>Finalment, existeix una altra classificaci\u00f3 segons la finalitat per a la qual es tractin les dades obtingudes, distingint entre:<\/p><ul><li><p><strong>Cookies t\u00e8cniques:<\/strong> Permeten a l&#8217;usuari navegar per una p\u00e0gina web, plataforma o aplicaci\u00f3 i utilitzar les diferents opcions o serveis que ofereixi.<\/p><\/li><li><p><strong>Cookies de personalitzaci\u00f3:<\/strong> Permeten a l&#8217;usuari accedir al servei amb algunes caracter\u00edstiques generals predefinides segons un conjunt de criteris al terminal de l&#8217;usuari, com ara l&#8217;idioma o el tipus de navegador.<\/p><\/li><li><p><strong>Cookies d&#8217;an\u00e0lisi:<\/strong> Permeten al responsable d&#8217;aquestes cookies el seguiment i l&#8217;an\u00e0lisi del comportament dels usuaris dels llocs web als quals estan vinculades.<\/p><\/li><li><p><strong>Cookies publicit\u00e0ries:<\/strong> Permeten la gesti\u00f3 dels espais publicitaris que l&#8217;editor hagi incl\u00f2s en una p\u00e0gina web.<\/p><\/li><li><p><strong>Cookies de publicitat comportamental:<\/strong> Emmagatzemen informaci\u00f3 del comportament dels usuaris obtinguda mitjan\u00e7ant l&#8217;observaci\u00f3 continuada dels seus h\u00e0bits de navegaci\u00f3, cosa que permet desenvolupar un perfil espec\u00edfic per mostrar publicitat en funci\u00f3 d&#8217;aquest comportament.<\/p><\/li><\/ul><h3>Gesti\u00f3 de les cookies<\/h3><p>Pots controlar i\/o eliminar les cookies com desitgis:<\/p><ol><li><p><strong>Configuraci\u00f3 del navegador:<\/strong> La majoria dels navegadors permeten bloquejar o eliminar les cookies. Consulta les instruccions del teu navegador per saber com gestionar-les.<\/p><\/li><li><p><strong>Eines de tercers:<\/strong> Pots fer servir eines com <a target=\"_new\" rel=\"noreferrer\">Your Online Choices<\/a> per gestionar les cookies de publicitat.<\/p><\/li><\/ol><h3>Contacte<\/h3><p>Si tens alguna pregunta o comentari sobre aquesta pol\u00edtica de cookies, pots posar-te en contacte amb nosaltres:<\/p><p><strong>Hotels Catalunya<\/strong><br \/>Carrer Sant Quint\u00ed 37<br \/>17534 Ribes de Freser &#8211; Vall de Ribes (Girona)<br \/>Tel.: 972 72 70 17<br \/><a target=\"_new\" rel=\"noreferrer\">info@catalunyaparkhotels.com<\/a><\/p><p><strong>\u00daltima actualitzaci\u00f3:<\/strong> Maig 2024<\/p>\t\t\t\t\t\t\t\t<\/div>\n\t\t\t\t<\/div>\n\t\t\t\t\t<\/div>\n\t\t<\/div>\n\t\t\t\t\t<\/div>\n\t\t<\/section>\n\t\t\t\t<\/div>\n\t\t","protected":false},"excerpt":{"rendered":"<p>Pol\u00edtica de Cookies \u00daltima modificaci\u00f3: Maig 2024 El Reial decret llei 13\/2012, de 30 de mar\u00e7, va realitzar la transposici\u00f3 de diverses Directives, entre elles, la Directiva 2009\/136\/CE, del Parlament Europeu i del Consell, de 25 de novembre de 2009 (coneguda com a \u201cDirectiva de cookies\u201d) i la Directiva 2009\/140\/CE, del Parlament Europeu i del [&hellip;]<\/p>\n","protected":false},"author":3,"featured_media":0,"parent":0,"menu_order":0,"comment_status":"closed","ping_status":"closed","template":"","meta":{"footnotes":""},"class_list":["post-5365","page","type-page","status-publish","hentry"],"yoast_head":"<!-- This site is optimized with the Yoast SEO plugin v24.5 - https:\/\/yoast.com\/wordpress\/plugins\/seo\/ -->\n<title>Pol\u00edtica de Cookies - Hotel Catalunya<\/title>\n<meta name=\"robots\" content=\"index, follow, max-snippet:-1, max-image-preview:large, max-video-preview:-1\" \/>\n<link rel=\"canonical\" href=\"https:\/\/catalunyaparkhotels.com\/HC\/politica-de-cookies\/\" \/>\n<meta property=\"og:locale\" content=\"es_ES\" \/>\n<meta property=\"og:type\" content=\"article\" \/>\n<meta property=\"og:title\" content=\"Pol\u00edtica de Cookies - Hotel Catalunya\" \/>\n<meta property=\"og:description\" content=\"Pol\u00edtica de Cookies \u00daltima modificaci\u00f3: Maig 2024 El Reial decret llei 13\/2012, de 30 de mar\u00e7, va realitzar la transposici\u00f3 de diverses Directives, entre elles, la Directiva 2009\/136\/CE, del Parlament Europeu i del Consell, de 25 de novembre de 2009 (coneguda com a \u201cDirectiva de cookies\u201d) i la Directiva 2009\/140\/CE, del Parlament Europeu i del [&hellip;]\" \/>\n<meta property=\"og:url\" content=\"https:\/\/catalunyaparkhotels.com\/HC\/politica-de-cookies\/\" \/>\n<meta property=\"og:site_name\" content=\"Hotel Catalunya\" \/>\n<meta property=\"article:modified_time\" content=\"2024-05-10T20:45:21+00:00\" \/>\n<meta name=\"twitter:label1\" content=\"Tiempo de lectura\" \/>\n\t<meta name=\"twitter:data1\" content=\"3 minutos\" \/>\n<script type=\"application\/ld+json\" class=\"yoast-schema-graph\">{\"@context\":\"https:\/\/schema.org\",\"@graph\":[{\"@type\":\"WebPage\",\"@id\":\"https:\/\/catalunyaparkhotels.com\/HC\/politica-de-cookies\/\",\"url\":\"https:\/\/catalunyaparkhotels.com\/HC\/politica-de-cookies\/\",\"name\":\"Pol\u00edtica de Cookies - Hotel Catalunya\",\"isPartOf\":{\"@id\":\"https:\/\/catalunyaparkhotels.com\/HC\/#website\"},\"datePublished\":\"2024-05-10T20:29:33+00:00\",\"dateModified\":\"2024-05-10T20:45:21+00:00\",\"breadcrumb\":{\"@id\":\"https:\/\/catalunyaparkhotels.com\/HC\/politica-de-cookies\/#breadcrumb\"},\"inLanguage\":\"es\",\"potentialAction\":[{\"@type\":\"ReadAction\",\"target\":[\"https:\/\/catalunyaparkhotels.com\/HC\/politica-de-cookies\/\"]}]},{\"@type\":\"BreadcrumbList\",\"@id\":\"https:\/\/catalunyaparkhotels.com\/HC\/politica-de-cookies\/#breadcrumb\",\"itemListElement\":[{\"@type\":\"ListItem\",\"position\":1,\"name\":\"Portada\",\"item\":\"https:\/\/catalunyaparkhotels.com\/HC\/\"},{\"@type\":\"ListItem\",\"position\":2,\"name\":\"Pol\u00edtica de Cookies\"}]},{\"@type\":\"WebSite\",\"@id\":\"https:\/\/catalunyaparkhotels.com\/HC\/#website\",\"url\":\"https:\/\/catalunyaparkhotels.com\/HC\/\",\"name\":\"Hotel Catalunya\",\"description\":\"Catalunya Park Hotels \u00b7 Hotels de Turisme familiar \u00b7 Vacances a la Vall de Ribes \u00b7 Excursions a Vall de N\u00faria. llocs web\",\"potentialAction\":[{\"@type\":\"SearchAction\",\"target\":{\"@type\":\"EntryPoint\",\"urlTemplate\":\"https:\/\/catalunyaparkhotels.com\/HC\/?s={search_term_string}\"},\"query-input\":{\"@type\":\"PropertyValueSpecification\",\"valueRequired\":true,\"valueName\":\"search_term_string\"}}],\"inLanguage\":\"es\"}]}<\/script>\n<!-- \/ Yoast SEO plugin. -->","yoast_head_json":{"title":"Pol\u00edtica de Cookies - Hotel Catalunya","robots":{"index":"index","follow":"follow","max-snippet":"max-snippet:-1","max-image-preview":"max-image-preview:large","max-video-preview":"max-video-preview:-1"},"canonical":"https:\/\/catalunyaparkhotels.com\/HC\/politica-de-cookies\/","og_locale":"es_ES","og_type":"article","og_title":"Pol\u00edtica de Cookies - Hotel Catalunya","og_description":"Pol\u00edtica de Cookies \u00daltima modificaci\u00f3: Maig 2024 El Reial decret llei 13\/2012, de 30 de mar\u00e7, va realitzar la transposici\u00f3 de diverses Directives, entre elles, la Directiva 2009\/136\/CE, del Parlament Europeu i del Consell, de 25 de novembre de 2009 (coneguda com a \u201cDirectiva de cookies\u201d) i la Directiva 2009\/140\/CE, del Parlament Europeu i del [&hellip;]","og_url":"https:\/\/catalunyaparkhotels.com\/HC\/politica-de-cookies\/","og_site_name":"Hotel Catalunya","article_modified_time":"2024-05-10T20:45:21+00:00","twitter_misc":{"Tiempo de lectura":"3 minutos"},"schema":{"@context":"https:\/\/schema.org","@graph":[{"@type":"WebPage","@id":"https:\/\/catalunyaparkhotels.com\/HC\/politica-de-cookies\/","url":"https:\/\/catalunyaparkhotels.com\/HC\/politica-de-cookies\/","name":"Pol\u00edtica de Cookies - Hotel Catalunya","isPartOf":{"@id":"https:\/\/catalunyaparkhotels.com\/HC\/#website"},"datePublished":"2024-05-10T20:29:33+00:00","dateModified":"2024-05-10T20:45:21+00:00","breadcrumb":{"@id":"https:\/\/catalunyaparkhotels.com\/HC\/politica-de-cookies\/#breadcrumb"},"inLanguage":"es","potentialAction":[{"@type":"ReadAction","target":["https:\/\/catalunyaparkhotels.com\/HC\/politica-de-cookies\/"]}]},{"@type":"BreadcrumbList","@id":"https:\/\/catalunyaparkhotels.com\/HC\/politica-de-cookies\/#breadcrumb","itemListElement":[{"@type":"ListItem","position":1,"name":"Portada","item":"https:\/\/catalunyaparkhotels.com\/HC\/"},{"@type":"ListItem","position":2,"name":"Pol\u00edtica de Cookies"}]},{"@type":"WebSite","@id":"https:\/\/catalunyaparkhotels.com\/HC\/#website","url":"https:\/\/catalunyaparkhotels.com\/HC\/","name":"Hotel Catalunya","description":"Catalunya Park Hotels \u00b7 Hotels de Turisme familiar \u00b7 Vacances a la Vall de Ribes \u00b7 Excursions a Vall de N\u00faria. llocs web","potentialAction":[{"@type":"SearchAction","target":{"@type":"EntryPoint","urlTemplate":"https:\/\/catalunyaparkhotels.com\/HC\/?s={search_term_string}"},"query-input":{"@type":"PropertyValueSpecification","valueRequired":true,"valueName":"search_term_string"}}],"inLanguage":"es"}]}},"_links":{"self":[{"href":"https:\/\/catalunyaparkhotels.com\/HC\/wp-json\/wp\/v2\/pages\/5365","targetHints":{"allow":["GET"]}}],"collection":[{"href":"https:\/\/catalunyaparkhotels.com\/HC\/wp-json\/wp\/v2\/pages"}],"about":[{"href":"https:\/\/catalunyaparkhotels.com\/HC\/wp-json\/wp\/v2\/types\/page"}],"author":[{"embeddable":true,"href":"https:\/\/catalunyaparkhotels.com\/HC\/wp-json\/wp\/v2\/users\/3"}],"replies":[{"embeddable":true,"href":"https:\/\/catalunyaparkhotels.com\/HC\/wp-json\/wp\/v2\/comments?post=5365"}],"version-history":[{"count":4,"href":"https:\/\/catalunyaparkhotels.com\/HC\/wp-json\/wp\/v2\/pages\/5365\/revisions"}],"predecessor-version":[{"id":5386,"href":"https:\/\/catalunyaparkhotels.com\/HC\/wp-json\/wp\/v2\/pages\/5365\/revisions\/5386"}],"wp:attachment":[{"href":"https:\/\/catalunyaparkhotels.com\/HC\/wp-json\/wp\/v2\/media?parent=5365"}],"curies":[{"name":"wp","href":"https:\/\/api.w.org\/{rel}","templated":true}]}}