{"id":2816,"date":"2014-11-28T15:33:44","date_gmt":"2014-11-28T15:33:44","guid":{"rendered":"http:\/\/catalunyaparkhotels.com\/HCP\/?page_id=2816"},"modified":"2020-04-25T09:10:53","modified_gmt":"2020-04-25T09:10:53","slug":"la-cuina","status":"publish","type":"page","link":"https:\/\/catalunyaparkhotels.com\/HCP\/la-cuina\/","title":{"rendered":"La Cuina"},"content":{"rendered":"<h3>La Cuina<\/h3>\n\n\n<p>Oferim el servei de mitja pensi\u00f3 i pensi\u00f3 completa amb men\u00fas gustosos bons i saludables.&nbsp; El men\u00fa de l&#8217;adult inclou 3 plats (entrant, primer i segon), postres, pa i aigua.&nbsp; Cada dia proposem un men\u00fa nou segons el mercat, per\u00f2 &nbsp;en cada \u00e0pat trobar\u00e0s disponible &nbsp;amanides, carn de la vall, &nbsp;verdures, truites, peix etc..<\/p>\n\n\n\n<p>Si el qu\u00e8 vols \u00e9s sortir d&#8217;excursi\u00f3 teu \u00e0pat al migdia a l\u2019hotel, podem preparar especialment per tu un p\u00edcnic per dinar.<\/p>\n\n\n\n<p>Tenim en compte les al\u00b7l\u00e8rgies aliment\u00e0ries i intoler\u00e0ncies aix\u00ed com oferim men\u00fas de dieta.<\/p>\n\n\n\n<figure class=\"wp-block-gallery columns-3 is-cropped wp-block-gallery-1 is-layout-flex wp-block-gallery-is-layout-flex\"><ul class=\"blocks-gallery-grid\"><li class=\"blocks-gallery-item\"><figure><img fetchpriority=\"high\" decoding=\"async\" width=\"1024\" height=\"512\" src=\"http:\/\/catalunyaparkhotels.com\/HCP\/wp-content\/uploads\/2018\/07\/resturant-park-2-1024x512.jpg\" alt=\"\" data-id=\"3323\" data-link=\"http:\/\/catalunyaparkhotels.com\/HCP\/resturant-park-2\/\" class=\"wp-image-3323\" srcset=\"https:\/\/catalunyaparkhotels.com\/HCP\/wp-content\/uploads\/2018\/07\/resturant-park-2-1024x512.jpg 1024w, https:\/\/catalunyaparkhotels.com\/HCP\/wp-content\/uploads\/2018\/07\/resturant-park-2-300x150.jpg 300w, https:\/\/catalunyaparkhotels.com\/HCP\/wp-content\/uploads\/2018\/07\/resturant-park-2.jpg 1200w\" sizes=\"(max-width: 1024px) 100vw, 1024px\" \/><\/figure><\/li><li class=\"blocks-gallery-item\"><figure><img decoding=\"async\" data-src=\"http:\/\/catalunyaparkhotels.com\/HCP\/wp-content\/uploads\/2020\/01\/MG_5714-1024x683.jpg\" alt=\"\" data-id=\"3591\" data-full-url=\"http:\/\/catalunyaparkhotels.com\/HCP\/wp-content\/uploads\/2020\/01\/MG_5714.jpg\" data-link=\"http:\/\/catalunyaparkhotels.com\/HCP\/la-cuina\/mg_5714\/#main\" class=\"wp-image-3591 lazyload\" src=\"data:image\/gif;base64,R0lGODlhAQABAAAAACH5BAEKAAEALAAAAAABAAEAAAICTAEAOw==\" style=\"--smush-placeholder-width: 1024px; --smush-placeholder-aspect-ratio: 1024\/683;\" \/><\/figure><\/li><li class=\"blocks-gallery-item\"><figure><img decoding=\"async\" data-src=\"http:\/\/catalunyaparkhotels.com\/HCP\/wp-content\/uploads\/2020\/01\/MG_5727-1024x683.jpg\" alt=\"\" data-id=\"3592\" data-full-url=\"http:\/\/catalunyaparkhotels.com\/HCP\/wp-content\/uploads\/2020\/01\/MG_5727.jpg\" data-link=\"http:\/\/catalunyaparkhotels.com\/HCP\/la-cuina\/mg_5727\/#main\" class=\"wp-image-3592 lazyload\" src=\"data:image\/gif;base64,R0lGODlhAQABAAAAACH5BAEKAAEALAAAAAABAAEAAAICTAEAOw==\" style=\"--smush-placeholder-width: 1024px; --smush-placeholder-aspect-ratio: 1024\/683;\" \/><\/figure><\/li><\/ul><\/figure>\n\n\n\n<p class=\"has-text-align-center\">La cuina de l\u2019Hotel Catalunya Park us ofereix tota la riquesa dels plats tradicionals de la Vall de Ribes. Amb nosaltres podreu degustar &nbsp;una cuina casolana amb productes de proximitat i qualitat. <\/p>\n\n\n\n<figure class=\"wp-block-gallery columns-3 is-cropped wp-block-gallery-2 is-layout-flex wp-block-gallery-is-layout-flex\"><ul class=\"blocks-gallery-grid\"><li class=\"blocks-gallery-item\"><figure><img decoding=\"async\" width=\"1024\" height=\"512\" data-src=\"http:\/\/catalunyaparkhotels.com\/HCP\/wp-content\/uploads\/2018\/07\/menjar-7-1024x512.jpg\" alt=\"\" data-id=\"3336\" data-link=\"http:\/\/catalunyaparkhotels.com\/HCP\/menjar-7\/\" class=\"wp-image-3336 lazyload\" data-srcset=\"https:\/\/catalunyaparkhotels.com\/HCP\/wp-content\/uploads\/2018\/07\/menjar-7-1024x512.jpg 1024w, https:\/\/catalunyaparkhotels.com\/HCP\/wp-content\/uploads\/2018\/07\/menjar-7-300x150.jpg 300w, https:\/\/catalunyaparkhotels.com\/HCP\/wp-content\/uploads\/2018\/07\/menjar-7.jpg 1200w\" data-sizes=\"(max-width: 1024px) 100vw, 1024px\" src=\"data:image\/gif;base64,R0lGODlhAQABAAAAACH5BAEKAAEALAAAAAABAAEAAAICTAEAOw==\" style=\"--smush-placeholder-width: 1024px; --smush-placeholder-aspect-ratio: 1024\/512;\" \/><\/figure><\/li><li class=\"blocks-gallery-item\"><figure><img decoding=\"async\" width=\"1024\" height=\"512\" data-src=\"http:\/\/catalunyaparkhotels.com\/HCP\/wp-content\/uploads\/2018\/07\/menjar-2-1024x512.jpg\" alt=\"\" data-id=\"3331\" data-link=\"http:\/\/catalunyaparkhotels.com\/HCP\/menjar-2-2\/\" class=\"wp-image-3331 lazyload\" data-srcset=\"https:\/\/catalunyaparkhotels.com\/HCP\/wp-content\/uploads\/2018\/07\/menjar-2-1024x512.jpg 1024w, https:\/\/catalunyaparkhotels.com\/HCP\/wp-content\/uploads\/2018\/07\/menjar-2-300x150.jpg 300w, https:\/\/catalunyaparkhotels.com\/HCP\/wp-content\/uploads\/2018\/07\/menjar-2.jpg 1200w\" data-sizes=\"(max-width: 1024px) 100vw, 1024px\" src=\"data:image\/gif;base64,R0lGODlhAQABAAAAACH5BAEKAAEALAAAAAABAAEAAAICTAEAOw==\" style=\"--smush-placeholder-width: 1024px; --smush-placeholder-aspect-ratio: 1024\/512;\" \/><\/figure><\/li><li class=\"blocks-gallery-item\"><figure><img decoding=\"async\" width=\"1024\" height=\"512\" data-src=\"http:\/\/catalunyaparkhotels.com\/HCP\/wp-content\/uploads\/2015\/07\/ggg-1024x512.jpg\" alt=\"\" data-id=\"3239\" data-link=\"http:\/\/catalunyaparkhotels.com\/HCP\/ggg\/\" class=\"wp-image-3239 lazyload\" data-srcset=\"https:\/\/catalunyaparkhotels.com\/HCP\/wp-content\/uploads\/2015\/07\/ggg-1024x512.jpg 1024w, https:\/\/catalunyaparkhotels.com\/HCP\/wp-content\/uploads\/2015\/07\/ggg-300x150.jpg 300w, https:\/\/catalunyaparkhotels.com\/HCP\/wp-content\/uploads\/2015\/07\/ggg.jpg 1200w\" data-sizes=\"(max-width: 1024px) 100vw, 1024px\" src=\"data:image\/gif;base64,R0lGODlhAQABAAAAACH5BAEKAAEALAAAAAABAAEAAAICTAEAOw==\" style=\"--smush-placeholder-width: 1024px; --smush-placeholder-aspect-ratio: 1024\/512;\" \/><\/figure><\/li><li class=\"blocks-gallery-item\"><figure><img decoding=\"async\" width=\"1024\" height=\"512\" data-src=\"http:\/\/catalunyaparkhotels.com\/HCP\/wp-content\/uploads\/2015\/07\/Untitled-5-1024x512.jpg\" alt=\"\" data-id=\"3234\" data-link=\"http:\/\/catalunyaparkhotels.com\/HCP\/untitled-5\/\" class=\"wp-image-3234 lazyload\" data-srcset=\"https:\/\/catalunyaparkhotels.com\/HCP\/wp-content\/uploads\/2015\/07\/Untitled-5-1024x512.jpg 1024w, https:\/\/catalunyaparkhotels.com\/HCP\/wp-content\/uploads\/2015\/07\/Untitled-5-300x150.jpg 300w, https:\/\/catalunyaparkhotels.com\/HCP\/wp-content\/uploads\/2015\/07\/Untitled-5.jpg 1200w\" data-sizes=\"(max-width: 1024px) 100vw, 1024px\" src=\"data:image\/gif;base64,R0lGODlhAQABAAAAACH5BAEKAAEALAAAAAABAAEAAAICTAEAOw==\" style=\"--smush-placeholder-width: 1024px; --smush-placeholder-aspect-ratio: 1024\/512;\" \/><\/figure><\/li><li class=\"blocks-gallery-item\"><figure><img decoding=\"async\" data-src=\"http:\/\/catalunyaparkhotels.com\/HCP\/wp-content\/uploads\/2020\/01\/MG_1887-1024x683.jpg\" alt=\"\" data-id=\"3593\" data-full-url=\"http:\/\/catalunyaparkhotels.com\/HCP\/wp-content\/uploads\/2020\/01\/MG_1887.jpg\" data-link=\"http:\/\/catalunyaparkhotels.com\/HCP\/la-cuina\/mg_1887\/#main\" class=\"wp-image-3593 lazyload\" src=\"data:image\/gif;base64,R0lGODlhAQABAAAAACH5BAEKAAEALAAAAAABAAEAAAICTAEAOw==\" style=\"--smush-placeholder-width: 1024px; --smush-placeholder-aspect-ratio: 1024\/683;\" \/><\/figure><\/li><\/ul><\/figure>\n\n\n\n<p>Pensant amb els m\u00e9s petits de la casa disposem de men\u00fa infantil 2 plats i postres, procurant que siguin plats que els hi agradin i els ajudin a cr\u00e8ixer sans i forts.<\/p>\n\n\n\n<p>Tamb\u00e9 volem cuidar el teu beb\u00e8&#8230;<\/p>\n\n\n\n<ul class=\"wp-block-list\"><li>Preparem triturats: de verdures, carn, peix o de fruites.<\/li><li>Guardem a la nevera els triturats que porten els pares i altres productes especials<\/li><li>Disposem de microones per escalfar biberons i altres preparats per nens.<\/li><\/ul>\n","protected":false},"excerpt":{"rendered":"<p>La Cuina Oferim el servei de mitja pensi\u00f3 i pensi\u00f3 completa amb men\u00fas gustosos bons i saludables.&nbsp; El men\u00fa de l&#8217;adult inclou 3 plats (entrant, primer i segon), postres, pa i aigua.&nbsp; Cada dia proposem un men\u00fa nou segons el mercat, per\u00f2 &nbsp;en cada \u00e0pat trobar\u00e0s disponible &nbsp;amanides, carn de la vall, &nbsp;verdures, truites, peix [&hellip;]<\/p>\n","protected":false},"author":1,"featured_media":0,"parent":0,"menu_order":0,"comment_status":"open","ping_status":"open","template":"page-templates\/shortcodes.php","meta":{"ngg_post_thumbnail":0,"footnotes":""},"class_list":["post-2816","page","type-page","status-publish","hentry"],"yoast_head":"<!-- This site is optimized with the Yoast SEO plugin v24.5 - https:\/\/yoast.com\/wordpress\/plugins\/seo\/ -->\n<title>La Cuina - Hotel Catalunya Park<\/title>\n<meta name=\"robots\" content=\"index, follow, max-snippet:-1, max-image-preview:large, max-video-preview:-1\" \/>\n<link rel=\"canonical\" href=\"https:\/\/catalunyaparkhotels.com\/HCP\/la-cuina\/\" \/>\n<meta property=\"og:locale\" content=\"es_ES\" \/>\n<meta property=\"og:type\" content=\"article\" \/>\n<meta property=\"og:title\" content=\"La Cuina - Hotel Catalunya Park\" \/>\n<meta property=\"og:description\" content=\"La Cuina Oferim el servei de mitja pensi\u00f3 i pensi\u00f3 completa amb men\u00fas gustosos bons i saludables.&nbsp; El men\u00fa de l&#8217;adult inclou 3 plats (entrant, primer i segon), postres, pa i aigua.&nbsp; Cada dia proposem un men\u00fa nou segons el mercat, per\u00f2 &nbsp;en cada \u00e0pat trobar\u00e0s disponible &nbsp;amanides, carn de la vall, &nbsp;verdures, truites, peix [&hellip;]\" \/>\n<meta property=\"og:url\" content=\"https:\/\/catalunyaparkhotels.com\/HCP\/la-cuina\/\" \/>\n<meta property=\"og:site_name\" content=\"Hotel Catalunya Park\" \/>\n<meta property=\"article:modified_time\" content=\"2020-04-25T09:10:53+00:00\" \/>\n<meta property=\"og:image\" content=\"http:\/\/catalunyaparkhotels.com\/HCP\/wp-content\/uploads\/2018\/07\/resturant-park-2-1024x512.jpg\" \/>\n<meta name=\"twitter:label1\" content=\"Tiempo de lectura\" \/>\n\t<meta name=\"twitter:data1\" content=\"1 minuto\" \/>\n<script type=\"application\/ld+json\" class=\"yoast-schema-graph\">{\"@context\":\"https:\/\/schema.org\",\"@graph\":[{\"@type\":\"WebPage\",\"@id\":\"https:\/\/catalunyaparkhotels.com\/HCP\/la-cuina\/\",\"url\":\"https:\/\/catalunyaparkhotels.com\/HCP\/la-cuina\/\",\"name\":\"La Cuina - Hotel Catalunya Park\",\"isPartOf\":{\"@id\":\"https:\/\/catalunyaparkhotels.com\/HCP\/#website\"},\"primaryImageOfPage\":{\"@id\":\"https:\/\/catalunyaparkhotels.com\/HCP\/la-cuina\/#primaryimage\"},\"image\":{\"@id\":\"https:\/\/catalunyaparkhotels.com\/HCP\/la-cuina\/#primaryimage\"},\"thumbnailUrl\":\"http:\/\/catalunyaparkhotels.com\/HCP\/wp-content\/uploads\/2018\/07\/resturant-park-2-1024x512.jpg\",\"datePublished\":\"2014-11-28T15:33:44+00:00\",\"dateModified\":\"2020-04-25T09:10:53+00:00\",\"breadcrumb\":{\"@id\":\"https:\/\/catalunyaparkhotels.com\/HCP\/la-cuina\/#breadcrumb\"},\"inLanguage\":\"es\",\"potentialAction\":[{\"@type\":\"ReadAction\",\"target\":[\"https:\/\/catalunyaparkhotels.com\/HCP\/la-cuina\/\"]}]},{\"@type\":\"ImageObject\",\"inLanguage\":\"es\",\"@id\":\"https:\/\/catalunyaparkhotels.com\/HCP\/la-cuina\/#primaryimage\",\"url\":\"http:\/\/catalunyaparkhotels.com\/HCP\/wp-content\/uploads\/2018\/07\/resturant-park-2-1024x512.jpg\",\"contentUrl\":\"http:\/\/catalunyaparkhotels.com\/HCP\/wp-content\/uploads\/2018\/07\/resturant-park-2-1024x512.jpg\"},{\"@type\":\"BreadcrumbList\",\"@id\":\"https:\/\/catalunyaparkhotels.com\/HCP\/la-cuina\/#breadcrumb\",\"itemListElement\":[{\"@type\":\"ListItem\",\"position\":1,\"name\":\"Portada\",\"item\":\"https:\/\/catalunyaparkhotels.com\/HCP\/\"},{\"@type\":\"ListItem\",\"position\":2,\"name\":\"La Cuina\"}]},{\"@type\":\"WebSite\",\"@id\":\"https:\/\/catalunyaparkhotels.com\/HCP\/#website\",\"url\":\"https:\/\/catalunyaparkhotels.com\/HCP\/\",\"name\":\"Hotel Catalunya Park\",\"description\":\"Catalunya Park Hotels \u00b7 Hotels de Turisme familiar \u00b7 Vacances a la Vall de Ribes \u00b7 Excursions a Vall de N\u00faria. llocs web\",\"potentialAction\":[{\"@type\":\"SearchAction\",\"target\":{\"@type\":\"EntryPoint\",\"urlTemplate\":\"https:\/\/catalunyaparkhotels.com\/HCP\/?s={search_term_string}\"},\"query-input\":{\"@type\":\"PropertyValueSpecification\",\"valueRequired\":true,\"valueName\":\"search_term_string\"}}],\"inLanguage\":\"es\"}]}<\/script>\n<!-- \/ Yoast SEO plugin. -->","yoast_head_json":{"title":"La Cuina - Hotel Catalunya Park","robots":{"index":"index","follow":"follow","max-snippet":"max-snippet:-1","max-image-preview":"max-image-preview:large","max-video-preview":"max-video-preview:-1"},"canonical":"https:\/\/catalunyaparkhotels.com\/HCP\/la-cuina\/","og_locale":"es_ES","og_type":"article","og_title":"La Cuina - Hotel Catalunya Park","og_description":"La Cuina Oferim el servei de mitja pensi\u00f3 i pensi\u00f3 completa amb men\u00fas gustosos bons i saludables.&nbsp; El men\u00fa de l&#8217;adult inclou 3 plats (entrant, primer i segon), postres, pa i aigua.&nbsp; Cada dia proposem un men\u00fa nou segons el mercat, per\u00f2 &nbsp;en cada \u00e0pat trobar\u00e0s disponible &nbsp;amanides, carn de la vall, &nbsp;verdures, truites, peix [&hellip;]","og_url":"https:\/\/catalunyaparkhotels.com\/HCP\/la-cuina\/","og_site_name":"Hotel Catalunya Park","article_modified_time":"2020-04-25T09:10:53+00:00","og_image":[{"url":"http:\/\/catalunyaparkhotels.com\/HCP\/wp-content\/uploads\/2018\/07\/resturant-park-2-1024x512.jpg","type":"","width":"","height":""}],"twitter_misc":{"Tiempo de lectura":"1 minuto"},"schema":{"@context":"https:\/\/schema.org","@graph":[{"@type":"WebPage","@id":"https:\/\/catalunyaparkhotels.com\/HCP\/la-cuina\/","url":"https:\/\/catalunyaparkhotels.com\/HCP\/la-cuina\/","name":"La Cuina - Hotel Catalunya Park","isPartOf":{"@id":"https:\/\/catalunyaparkhotels.com\/HCP\/#website"},"primaryImageOfPage":{"@id":"https:\/\/catalunyaparkhotels.com\/HCP\/la-cuina\/#primaryimage"},"image":{"@id":"https:\/\/catalunyaparkhotels.com\/HCP\/la-cuina\/#primaryimage"},"thumbnailUrl":"http:\/\/catalunyaparkhotels.com\/HCP\/wp-content\/uploads\/2018\/07\/resturant-park-2-1024x512.jpg","datePublished":"2014-11-28T15:33:44+00:00","dateModified":"2020-04-25T09:10:53+00:00","breadcrumb":{"@id":"https:\/\/catalunyaparkhotels.com\/HCP\/la-cuina\/#breadcrumb"},"inLanguage":"es","potentialAction":[{"@type":"ReadAction","target":["https:\/\/catalunyaparkhotels.com\/HCP\/la-cuina\/"]}]},{"@type":"ImageObject","inLanguage":"es","@id":"https:\/\/catalunyaparkhotels.com\/HCP\/la-cuina\/#primaryimage","url":"http:\/\/catalunyaparkhotels.com\/HCP\/wp-content\/uploads\/2018\/07\/resturant-park-2-1024x512.jpg","contentUrl":"http:\/\/catalunyaparkhotels.com\/HCP\/wp-content\/uploads\/2018\/07\/resturant-park-2-1024x512.jpg"},{"@type":"BreadcrumbList","@id":"https:\/\/catalunyaparkhotels.com\/HCP\/la-cuina\/#breadcrumb","itemListElement":[{"@type":"ListItem","position":1,"name":"Portada","item":"https:\/\/catalunyaparkhotels.com\/HCP\/"},{"@type":"ListItem","position":2,"name":"La Cuina"}]},{"@type":"WebSite","@id":"https:\/\/catalunyaparkhotels.com\/HCP\/#website","url":"https:\/\/catalunyaparkhotels.com\/HCP\/","name":"Hotel Catalunya Park","description":"Catalunya Park Hotels \u00b7 Hotels de Turisme familiar \u00b7 Vacances a la Vall de Ribes \u00b7 Excursions a Vall de N\u00faria. llocs web","potentialAction":[{"@type":"SearchAction","target":{"@type":"EntryPoint","urlTemplate":"https:\/\/catalunyaparkhotels.com\/HCP\/?s={search_term_string}"},"query-input":{"@type":"PropertyValueSpecification","valueRequired":true,"valueName":"search_term_string"}}],"inLanguage":"es"}]}},"_links":{"self":[{"href":"https:\/\/catalunyaparkhotels.com\/HCP\/wp-json\/wp\/v2\/pages\/2816","targetHints":{"allow":["GET"]}}],"collection":[{"href":"https:\/\/catalunyaparkhotels.com\/HCP\/wp-json\/wp\/v2\/pages"}],"about":[{"href":"https:\/\/catalunyaparkhotels.com\/HCP\/wp-json\/wp\/v2\/types\/page"}],"author":[{"embeddable":true,"href":"https:\/\/catalunyaparkhotels.com\/HCP\/wp-json\/wp\/v2\/users\/1"}],"replies":[{"embeddable":true,"href":"https:\/\/catalunyaparkhotels.com\/HCP\/wp-json\/wp\/v2\/comments?post=2816"}],"version-history":[{"count":12,"href":"https:\/\/catalunyaparkhotels.com\/HCP\/wp-json\/wp\/v2\/pages\/2816\/revisions"}],"predecessor-version":[{"id":3742,"href":"https:\/\/catalunyaparkhotels.com\/HCP\/wp-json\/wp\/v2\/pages\/2816\/revisions\/3742"}],"wp:attachment":[{"href":"https:\/\/catalunyaparkhotels.com\/HCP\/wp-json\/wp\/v2\/media?parent=2816"}],"curies":[{"name":"wp","href":"https:\/\/api.w.org\/{rel}","templated":true}]}}