{"id":2818,"date":"2014-11-28T15:34:28","date_gmt":"2014-11-28T15:34:28","guid":{"rendered":"http:\/\/catalunyaparkhotels.com\/HCP\/?page_id=2818"},"modified":"2021-03-18T13:37:42","modified_gmt":"2021-03-18T13:37:42","slug":"que-fer","status":"publish","type":"page","link":"https:\/\/catalunyaparkhotels.com\/HCP\/que-fer\/","title":{"rendered":"Men\u00fas"},"content":{"rendered":"<div class=\"all-columns\">\n<div class=\"one-half first\">\n<p style=\"text-align: center;\"><strong>MEN\u00da DIARI<\/strong><\/p>\n<p style=\"text-align: center;\">Sabies que pots venir a dinar o sopar al nostre restaurant encara que no estiguis allotjat a l\u2019hotel?<\/p>\n<p style=\"text-align: center;\">Vine a provar els plats que ens prepara en Vicen\u00e7. Te\u2019n llepar\u00e0s els dits!<\/p>\n<p style=\"text-align: center;\">Truca\u2019ns i reserva la teva taula!<\/p>\n<p style=\"text-align: center;\">&nbsp;<\/p>\n<\/div>\n<div class=\"one-half\">\n<p style=\"text-align: center;\"><strong>MEN\u00daS PER A GRUPS&nbsp;<\/strong><\/p>\n<p style=\"text-align: center;\">Tant si sou un grup organitzat des d\u2019una ag\u00e8ncia, com una colla d\u2019amics, una fam\u00edlia o una associaci\u00f3 excursionista us oferim la possibilitat de disposar en exclusiu del restaurant de l\u2019hotel Catalunya per al vostre esdeveniment.<\/p>\n<p style=\"text-align: center;\">Oferim men\u00fas bons, sans i econ\u00f2mics aix\u00ed com men\u00fas estacionals que permeten gaudir dels millors productes de temporada.<\/p>\n<p style=\"text-align: center;\">Adaptem la sala en funci\u00f3 de les vostres necessitats i la personalitzem en funci\u00f3 de la ocasi\u00f3 a celebrar.<\/p>\n<p style=\"text-align: center;\">Contacta amb nosaltres<\/p>\n<\/div>\n<\/div>\n<p style=\"text-align: center;\">\u260e\ufe0f&nbsp;972 72 71 98<\/p>\n<p style=\"text-align: center;\">El nostre horari \u00e9s:<\/p>\n<p style=\"text-align: center;\">Dinars: 13:00-15:00<\/p>\n<p style=\"text-align: center;\">Sopars: 20:00-22:00<\/p>\n\n\n<div class=\"wp-block-group\"><div class=\"wp-block-group__inner-container is-layout-flow wp-block-group-is-layout-flow\">\n<div class=\"wp-block-group is-layout-flow wp-block-group-is-layout-flow\"><div class=\"wp-block-group__inner-container\"><\/div><\/div>\n<\/div><\/div>\n","protected":false},"excerpt":{"rendered":"<p>MEN\u00da DIARI Sabies que pots venir a dinar o sopar al nostre restaurant encara que no estiguis allotjat a l\u2019hotel? Vine a provar els plats que ens prepara en Vicen\u00e7. Te\u2019n llepar\u00e0s els dits! Truca\u2019ns i reserva la teva taula! &nbsp; MEN\u00daS PER A GRUPS&nbsp; Tant si sou un grup organitzat des d\u2019una ag\u00e8ncia, com [&hellip;]<\/p>\n","protected":false},"author":1,"featured_media":0,"parent":0,"menu_order":0,"comment_status":"open","ping_status":"open","template":"page-templates\/shortcodes.php","meta":{"ngg_post_thumbnail":0,"footnotes":""},"class_list":["post-2818","page","type-page","status-publish","hentry"],"yoast_head":"<!-- This site is optimized with the Yoast SEO plugin v24.5 - https:\/\/yoast.com\/wordpress\/plugins\/seo\/ -->\n<title>Men\u00fas - Hotel Catalunya Park<\/title>\n<meta name=\"robots\" content=\"index, follow, max-snippet:-1, max-image-preview:large, max-video-preview:-1\" \/>\n<link rel=\"canonical\" href=\"https:\/\/catalunyaparkhotels.com\/HCP\/que-fer\/\" \/>\n<meta property=\"og:locale\" content=\"es_ES\" \/>\n<meta property=\"og:type\" content=\"article\" \/>\n<meta property=\"og:title\" content=\"Men\u00fas - Hotel Catalunya Park\" \/>\n<meta property=\"og:description\" content=\"MEN\u00da DIARI Sabies que pots venir a dinar o sopar al nostre restaurant encara que no estiguis allotjat a l\u2019hotel? Vine a provar els plats que ens prepara en Vicen\u00e7. Te\u2019n llepar\u00e0s els dits! Truca\u2019ns i reserva la teva taula! &nbsp; MEN\u00daS PER A GRUPS&nbsp; Tant si sou un grup organitzat des d\u2019una ag\u00e8ncia, com [&hellip;]\" \/>\n<meta property=\"og:url\" content=\"https:\/\/catalunyaparkhotels.com\/HCP\/que-fer\/\" \/>\n<meta property=\"og:site_name\" content=\"Hotel Catalunya Park\" \/>\n<meta property=\"article:modified_time\" content=\"2021-03-18T13:37:42+00:00\" \/>\n<meta name=\"twitter:label1\" content=\"Tiempo de lectura\" \/>\n\t<meta name=\"twitter:data1\" content=\"1 minuto\" \/>\n<script type=\"application\/ld+json\" class=\"yoast-schema-graph\">{\"@context\":\"https:\/\/schema.org\",\"@graph\":[{\"@type\":\"WebPage\",\"@id\":\"https:\/\/catalunyaparkhotels.com\/HCP\/que-fer\/\",\"url\":\"https:\/\/catalunyaparkhotels.com\/HCP\/que-fer\/\",\"name\":\"Men\u00fas - Hotel Catalunya Park\",\"isPartOf\":{\"@id\":\"https:\/\/catalunyaparkhotels.com\/HCP\/#website\"},\"datePublished\":\"2014-11-28T15:34:28+00:00\",\"dateModified\":\"2021-03-18T13:37:42+00:00\",\"breadcrumb\":{\"@id\":\"https:\/\/catalunyaparkhotels.com\/HCP\/que-fer\/#breadcrumb\"},\"inLanguage\":\"es\",\"potentialAction\":[{\"@type\":\"ReadAction\",\"target\":[\"https:\/\/catalunyaparkhotels.com\/HCP\/que-fer\/\"]}]},{\"@type\":\"BreadcrumbList\",\"@id\":\"https:\/\/catalunyaparkhotels.com\/HCP\/que-fer\/#breadcrumb\",\"itemListElement\":[{\"@type\":\"ListItem\",\"position\":1,\"name\":\"Portada\",\"item\":\"https:\/\/catalunyaparkhotels.com\/HCP\/\"},{\"@type\":\"ListItem\",\"position\":2,\"name\":\"Men\u00fas\"}]},{\"@type\":\"WebSite\",\"@id\":\"https:\/\/catalunyaparkhotels.com\/HCP\/#website\",\"url\":\"https:\/\/catalunyaparkhotels.com\/HCP\/\",\"name\":\"Hotel Catalunya Park\",\"description\":\"Catalunya Park Hotels \u00b7 Hotels de Turisme familiar \u00b7 Vacances a la Vall de Ribes \u00b7 Excursions a Vall de N\u00faria. llocs web\",\"potentialAction\":[{\"@type\":\"SearchAction\",\"target\":{\"@type\":\"EntryPoint\",\"urlTemplate\":\"https:\/\/catalunyaparkhotels.com\/HCP\/?s={search_term_string}\"},\"query-input\":{\"@type\":\"PropertyValueSpecification\",\"valueRequired\":true,\"valueName\":\"search_term_string\"}}],\"inLanguage\":\"es\"}]}<\/script>\n<!-- \/ Yoast SEO plugin. -->","yoast_head_json":{"title":"Men\u00fas - Hotel Catalunya Park","robots":{"index":"index","follow":"follow","max-snippet":"max-snippet:-1","max-image-preview":"max-image-preview:large","max-video-preview":"max-video-preview:-1"},"canonical":"https:\/\/catalunyaparkhotels.com\/HCP\/que-fer\/","og_locale":"es_ES","og_type":"article","og_title":"Men\u00fas - Hotel Catalunya Park","og_description":"MEN\u00da DIARI Sabies que pots venir a dinar o sopar al nostre restaurant encara que no estiguis allotjat a l\u2019hotel? Vine a provar els plats que ens prepara en Vicen\u00e7. Te\u2019n llepar\u00e0s els dits! Truca\u2019ns i reserva la teva taula! &nbsp; MEN\u00daS PER A GRUPS&nbsp; Tant si sou un grup organitzat des d\u2019una ag\u00e8ncia, com [&hellip;]","og_url":"https:\/\/catalunyaparkhotels.com\/HCP\/que-fer\/","og_site_name":"Hotel Catalunya Park","article_modified_time":"2021-03-18T13:37:42+00:00","twitter_misc":{"Tiempo de lectura":"1 minuto"},"schema":{"@context":"https:\/\/schema.org","@graph":[{"@type":"WebPage","@id":"https:\/\/catalunyaparkhotels.com\/HCP\/que-fer\/","url":"https:\/\/catalunyaparkhotels.com\/HCP\/que-fer\/","name":"Men\u00fas - Hotel Catalunya Park","isPartOf":{"@id":"https:\/\/catalunyaparkhotels.com\/HCP\/#website"},"datePublished":"2014-11-28T15:34:28+00:00","dateModified":"2021-03-18T13:37:42+00:00","breadcrumb":{"@id":"https:\/\/catalunyaparkhotels.com\/HCP\/que-fer\/#breadcrumb"},"inLanguage":"es","potentialAction":[{"@type":"ReadAction","target":["https:\/\/catalunyaparkhotels.com\/HCP\/que-fer\/"]}]},{"@type":"BreadcrumbList","@id":"https:\/\/catalunyaparkhotels.com\/HCP\/que-fer\/#breadcrumb","itemListElement":[{"@type":"ListItem","position":1,"name":"Portada","item":"https:\/\/catalunyaparkhotels.com\/HCP\/"},{"@type":"ListItem","position":2,"name":"Men\u00fas"}]},{"@type":"WebSite","@id":"https:\/\/catalunyaparkhotels.com\/HCP\/#website","url":"https:\/\/catalunyaparkhotels.com\/HCP\/","name":"Hotel Catalunya Park","description":"Catalunya Park Hotels \u00b7 Hotels de Turisme familiar \u00b7 Vacances a la Vall de Ribes \u00b7 Excursions a Vall de N\u00faria. llocs web","potentialAction":[{"@type":"SearchAction","target":{"@type":"EntryPoint","urlTemplate":"https:\/\/catalunyaparkhotels.com\/HCP\/?s={search_term_string}"},"query-input":{"@type":"PropertyValueSpecification","valueRequired":true,"valueName":"search_term_string"}}],"inLanguage":"es"}]}},"_links":{"self":[{"href":"https:\/\/catalunyaparkhotels.com\/HCP\/wp-json\/wp\/v2\/pages\/2818","targetHints":{"allow":["GET"]}}],"collection":[{"href":"https:\/\/catalunyaparkhotels.com\/HCP\/wp-json\/wp\/v2\/pages"}],"about":[{"href":"https:\/\/catalunyaparkhotels.com\/HCP\/wp-json\/wp\/v2\/types\/page"}],"author":[{"embeddable":true,"href":"https:\/\/catalunyaparkhotels.com\/HCP\/wp-json\/wp\/v2\/users\/1"}],"replies":[{"embeddable":true,"href":"https:\/\/catalunyaparkhotels.com\/HCP\/wp-json\/wp\/v2\/comments?post=2818"}],"version-history":[{"count":14,"href":"https:\/\/catalunyaparkhotels.com\/HCP\/wp-json\/wp\/v2\/pages\/2818\/revisions"}],"predecessor-version":[{"id":3769,"href":"https:\/\/catalunyaparkhotels.com\/HCP\/wp-json\/wp\/v2\/pages\/2818\/revisions\/3769"}],"wp:attachment":[{"href":"https:\/\/catalunyaparkhotels.com\/HCP\/wp-json\/wp\/v2\/media?parent=2818"}],"curies":[{"name":"wp","href":"https:\/\/api.w.org\/{rel}","templated":true}]}}