{"id":5141,"date":"2024-05-10T19:59:01","date_gmt":"2024-05-10T19:59:01","guid":{"rendered":"https:\/\/catalunyaparkhotels.com\/HCP\/?page_id=5141"},"modified":"2024-05-10T20:45:58","modified_gmt":"2024-05-10T20:45:58","slug":"proteccion-de-datos","status":"publish","type":"page","link":"https:\/\/catalunyaparkhotels.com\/HCP\/proteccion-de-datos\/","title":{"rendered":"Protecci\u00f3n de datos"},"content":{"rendered":"\t\t<div data-elementor-type=\"wp-page\" data-elementor-id=\"5141\" class=\"elementor elementor-5141\">\n\t\t\t\t\t\t<section class=\"elementor-section elementor-top-section elementor-element elementor-element-6159f4e2 elementor-section-boxed elementor-section-height-default elementor-section-height-default\" data-id=\"6159f4e2\" data-element_type=\"section\" data-settings=\"{&quot;background_background&quot;:&quot;classic&quot;}\">\n\t\t\t\t\t\t\t<div class=\"elementor-background-overlay\"><\/div>\n\t\t\t\t\t\t\t<div class=\"elementor-container elementor-column-gap-default\">\n\t\t\t\t\t<div class=\"elementor-column elementor-col-100 elementor-top-column elementor-element elementor-element-c3f688d\" data-id=\"c3f688d\" data-element_type=\"column\">\n\t\t\t<div class=\"elementor-widget-wrap elementor-element-populated\">\n\t\t\t\t\t\t<div class=\"elementor-element elementor-element-386fbe38 elementor-widget elementor-widget-heading\" data-id=\"386fbe38\" data-element_type=\"widget\" data-widget_type=\"heading.default\">\n\t\t\t\t<div class=\"elementor-widget-container\">\n\t\t\t\t\t<h1 class=\"elementor-heading-title elementor-size-default\"><span style=\"font-weight: 400\">Protecci\u00f3 de dades<\/span><\/h1>\t\t\t\t<\/div>\n\t\t\t\t<\/div>\n\t\t\t\t\t<\/div>\n\t\t<\/div>\n\t\t\t\t\t<\/div>\n\t\t<\/section>\n\t\t\t\t<section class=\"elementor-section elementor-top-section elementor-element elementor-element-5e8b75a elementor-section-boxed elementor-section-height-default elementor-section-height-default\" data-id=\"5e8b75a\" data-element_type=\"section\" data-settings=\"{&quot;background_background&quot;:&quot;classic&quot;}\">\n\t\t\t\t\t\t<div class=\"elementor-container elementor-column-gap-default\">\n\t\t\t\t\t<div class=\"elementor-column elementor-col-100 elementor-top-column elementor-element elementor-element-c78100c\" data-id=\"c78100c\" data-element_type=\"column\">\n\t\t\t<div class=\"elementor-widget-wrap elementor-element-populated\">\n\t\t\t\t\t\t<div class=\"elementor-element elementor-element-6dd5e23 elementor-widget elementor-widget-text-editor\" data-id=\"6dd5e23\" data-element_type=\"widget\" data-widget_type=\"text-editor.default\">\n\t\t\t\t<div class=\"elementor-widget-container\">\n\t\t\t\t\t\t\t\t\t<h1>Protecci\u00f3 de dades de car\u00e0cter personal segons la LOPD<\/h1><p>CATALUNYA PARK HOTELS, SL, en aplicaci\u00f3 de la normativa vigent en mat\u00e8ria de protecci\u00f3 de dades de car\u00e0cter personal, informa que les dades personals que es recullen a trav\u00e9s dels formularis del Lloc web: www.avirato.com, s&#8217;inclouen als fitxers automatitzats espec\u00edfics d&#8217;usuaris dels serveis de CATALUNYA PARK HOTELS, SL<\/p><p>La recollida i tractament automatitzat de les dades de car\u00e0cter personal t\u00e9 com a finalitat el manteniment de la relaci\u00f3 comercial i l&#8217;exercici de tasques d&#8217;informaci\u00f3, formaci\u00f3, assessorament i altres activitats pr\u00f2pies de CATALUNYA PARK HOTELS, SL.<\/p><p>Aquestes dades nom\u00e9s seran cedides a aquelles entitats que siguin necess\u00e0ries amb l&#8217;\u00fanic objectiu de donar compliment a la finalitat exposada anteriorment.<\/p><p>CATALUNYA PARK HOTELS, SL adopta les mesures necess\u00e0ries per garantir la seguretat, integritat i confidencialitat de les dades conforme al que disposa el Reglament (UE) 2016\/679 del Parlament Europeu i del Consell, de 27 d&#8217;abril de 2016, relatiu a la protecci\u00f3 de les persones f\u00edsiques pel que fa al tractament de dades personals ia la lliure circulaci\u00f3 d&#8217;aquestes.<\/p><p>L&#8217;usuari podr\u00e0 en qualsevol moment exercitar els drets d&#8217;acc\u00e9s, oposici\u00f3, rectificaci\u00f3 i cancel\u00b7laci\u00f3 reconeguts a l&#8217;esmentat Reglament (UE). L&#8217;exercici d&#8217;aquests drets el pot fer el propi usuari a trav\u00e9s de correu electr\u00f2nic a:hotelcatalunyabooking@gmail.com oa l&#8217;adre\u00e7a:Carrer Sant Quint\u00ed n\u00ba37, Ribes de Freser,17534,Espanya<\/p><p>L&#8217;usuari manifesta que totes les dades facilitades per ell s\u00f3n certes i correctes, i es compromet a mantenir-les actualitzades, comunicant els canvis a CATALUNYA PARK HOTELS, SL.<\/p><h2>Finalitat del tractament de les dades personals:<\/h2><p>Amb quina finalitat tractarem les teves dades personals?<\/p><p>A CATALUNYA PARK HOTELS, SL, tractarem les teves dades personals demanades, amb les finalitats seg\u00fcents:<\/p><p>En cas de contractaci\u00f3 dels b\u00e9ns i serveis oferts a trav\u00e9s de www.avirato.com, per mantenir la relaci\u00f3 contractual, aix\u00ed com la gesti\u00f3, administraci\u00f3, informaci\u00f3, prestaci\u00f3 i millora del servei.<br \/>Enviament d&#8217;informaci\u00f3 sol\u00b7licitada a trav\u00e9s dels formularis disposats a www.avirato.com i\/o a AVIRATO (programa de gesti\u00f3).<br \/>Remetre butlletins (newsletters), aix\u00ed com comunicacions comercials de promocions i\/o publicitat de www.avirato.com i del sector.<\/p><p>Et recordem que et pots oposar a l&#8217;enviament de comunicacions comercials per qualsevol via i en qualsevol moment, remetent un correu electr\u00f2nic a l&#8217;adre\u00e7a anteriorment indicada.<\/p><p>Els camps d&#8217;aquests registres s\u00f3n d&#8217;emplenament obligatori, i \u00e9s impossible fer les finalitats expressades si no s&#8217;aporten aquestes dades.<\/p><p>Per quant de temps es conserven les dades personals recollides?<\/p><p>Les dades personals proporcionades es conservaran mentre es mantingui la relaci\u00f3 comercial o no en sol\u00b7liciti la supressi\u00f3 i durant el termini pel qual es puguin derivar responsabilitats legals pels serveis prestats.<\/p><h2>Legitimaci\u00f3:<\/h2><p>El tractament de les teves dades es realitza amb les bases jur\u00eddiques seg\u00fcents que legitimen el mateix:<\/p><p>La sol\u00b7licitud d&#8217;informaci\u00f3 i\/o la contractaci\u00f3 dels serveis de CATALUNYA PARK HOTELS, SL, els termes i condicions dels quals es posaran a la teva disposici\u00f3 en tot cas, de forma pr\u00e8via a una eventual contractaci\u00f3.<br \/>El consentiment lliure, espec\u00edfic, informat i inequ\u00edvoc, en tant que t&#8217;informem posant a la teva disposici\u00f3 aquesta pol\u00edtica de privadesa, que despr\u00e9s de la lectura de la mateixa, en cas d&#8217;estar conforme, pots acceptar mitjan\u00e7ant una declaraci\u00f3 o una clara acci\u00f3 afirmativa, com el marcatge d&#8217;una casella disposada a aquest efecte.<\/p><p>En cas que no ens facilitis les teves dades o ho facis de forma err\u00f2nia o incompleta, no podrem atendre la teva sol\u00b7licitud, resultant del tot impossible proporcionar-te la informaci\u00f3 sol\u00b7licitada o dur a terme la contractaci\u00f3 dels serveis.<\/p><h2>Destinataris:<\/h2><p>Les dades no es comunicaran a cap tercer ali\u00e8 a CATALUNYA PARK HOTELS, SL, excepte obligaci\u00f3 legal.<br \/>Com a encarregats de tractament, tenim contractats els seg\u00fcents prove\u00efdors de serveis, havent-se comprom\u00e8s al compliment de les disposicions normatives, daplicaci\u00f3 en mat\u00e8ria de protecci\u00f3 de dades, en el moment de la seva contractaci\u00f3:<\/p><p>CATALUNYA PARK HOTELS, SL, amb CIF\/NIF n\u00fam.: B-17547332<\/p><p>, domicili social a:\u00a0B-17547332,\u00a0presta serveis de: Programa de gesti\u00f3 hoteler.<br \/>Podeu consultar la pol\u00edtica de privadesa i altres aspectes legals de la companyia en el seg\u00fcent<br \/>enlla\u00e7:\u00a0www.avirato.com<\/p><h2>Dades recopilades per usuaris dels serveis<\/h2><p>En els casos en qu\u00e8 l&#8217;usuari inclogui fitxers amb dades de car\u00e0cter personal als servidors d&#8217;allotjament compartit, CATALUNYA PARK HOTELS, SL no es fa responsable de l&#8217;incompliment per part de l&#8217;usuari de l&#8217;RGPD.<\/p><h2>Retenci\u00f3 de dades de conformitat amb la LSSI<\/h2><p>CATALUNYA PARK HOTELS, SL informa que, com a prestador de servei d&#8217;allotjament de dades<\/p><p>i en virtut del que estableix la Llei 34\/2002 d&#8217;11 de juliol de Serveis de la Societat de la Informaci\u00f3 i de Comer\u00e7 Electr\u00f2nic (LSSI), ret\u00e9 per un per\u00edode m\u00e0xim de 12 mesos la informaci\u00f3 imprescindible per identificar l&#8217;origen de les dades allotjats i el moment en qu\u00e8 es va iniciar la prestaci\u00f3 del servei. La retenci\u00f3 d&#8217;aquestes dades no afecta el secret de les comunicacions i nom\u00e9s es poden utilitzar en el marc d&#8217;una investigaci\u00f3 criminal o per a la salvaguarda de la seguretat p\u00fablica, posant-se a disposici\u00f3 dels jutges i\/o tribunals o del Ministeri que aix\u00ed ho requereixi .<\/p><p>La comunicaci\u00f3 de dades a les Forces i Cossos de l&#8217;Estat es far\u00e0 en virtut del que disposa la normativa sobre protecci\u00f3 de dades personals.<\/p><p>Drets propietat intel\u00b7lectual www.avirato.com<\/p><p>CATALUNYA PARK HOTELS, SL \u00e9s titular de tots els drets d&#8217;autor, propietat intel\u00b7lectual, industrial, \u201cknow how\u201d i tots els altres drets guarden relaci\u00f3 amb els continguts del lloc web www.avirato.com i els serveis que s&#8217;hi ofereixen, aix\u00ed com dels programes necessaris per a la implementaci\u00f3 i la informaci\u00f3 relacionada.<\/p><p>No es permet la reproducci\u00f3, publicaci\u00f3 i\/o \u00fas no estrictament privat dels continguts, totals o parcials, del lloc web www.avirato.com sense el consentiment previ i per escrit.<\/p><h2>Propietat intel\u00b7lectual del programari<\/h2><p>L&#8217;usuari ha de respectar els programes de tercers posats a la seva disposici\u00f3 per CATALUNYA PARK HOTELS, SL, tot i ser gratu\u00efts i\/o de disposici\u00f3 p\u00fablica.<\/p><p>CATALUNYA PARK HOTELS, SL disposa dels drets d&#8217;explotaci\u00f3 i propietat intel\u00b7lectual necessaris del programari.<\/p><p>L&#8217;usuari no adquireix cap dret o llic\u00e8ncia pel servei contractat, sobre el programari necessari per a la prestaci\u00f3 del servei, ni tampoc sobre la informaci\u00f3 t\u00e8cnica de seguiment del servei, excepci\u00f3 feta dels drets i llic\u00e8ncies necessaris per al compliment dels serveis contractats i \u00fanicament durant la durada dels mateixos.<\/p><p>Per a tota actuaci\u00f3 que excedeixi del compliment del contracte, l&#8217;usuari necessitar\u00e0 autoritzaci\u00f3 per escrit per part de CATALUNYA PARK HOTELS, SL, quedant prohibit a l&#8217;usuari accedir, modificar, visualitzar la configuraci\u00f3, estructura i fitxers dels servidors propietat de CATALUNYA PARK HOTELS, SL , assumint la responsabilitat civil i penal derivada de qualsevol incid\u00e8ncia que es pogu\u00e9s produir als servidors i sistemes de seguretat com a conseq\u00fc\u00e8ncia directa d&#8217;una actuaci\u00f3 negligent o maliciosa per part seva.<\/p><h2>Propietat intel\u00b7lectual dels continguts allotjats<\/h2><p>Es prohibeix l&#8217;\u00fas contrari a la legislaci\u00f3 sobre propietat intel\u00b7lectual dels serveis prestats per CATALUNYA PARK HOTELS, SL i, en particular de:<br \/>\u2022 La utilitzaci\u00f3 que resulti contr\u00e0ria a les lleis espanyoles o que infringeixi els drets de tercers.<br \/>\u2022 La publicaci\u00f3 o la transmissi\u00f3 de qualsevol contingut que, segons el parer de CATALUNYA PARK HOTELS, SL, resulti violent, obsc\u00e8, abusiu, il\u00b7legal, racial, xen\u00f2fob o difamatori.<br \/>\u2022 Els cracs, n\u00fameros de s\u00e8rie de programes o qualsevol altre contingut que vulneri drets de la propietat intel\u00b7lectual de tercers.<br \/>\u2022 La recollida i\/o utilitzaci\u00f3 de dades personals d&#8217;altres usuaris sense el seu consentiment expr\u00e9s o contravenint el que disposa el Reglament (UE) 2016\/679 del Parlament Europeu i del Consell, de 27 d&#8217;abril de 2016, relatiu a la protecci\u00f3 de les persones f\u00edsiques pel que fa al tractament de dades personals ia la lliure circulaci\u00f3 d&#8217;aquestes.<br \/>\u2022 La utilitzaci\u00f3 del servidor de correu del domini i de les adreces de correu electr\u00f2nic per a l&#8217;enviament de correu massiu no desitjat.<\/p><p>L&#8217;usuari t\u00e9 tota la responsabilitat sobre el contingut del web, la informaci\u00f3 transmesa i emmagatzemada, els enlla\u00e7os d&#8217;hipertext, les reivindicacions de tercers i les accions legals en refer\u00e8ncia a propietat intel\u00b7lectual, drets de tercers i protecci\u00f3 de menors.<\/p><p>L&#8217;usuari \u00e9s responsable respecte a les lleis i els reglaments en vigor i les regles que tenen a veure amb el funcionament del servei online, comer\u00e7 electr\u00f2nic, drets d&#8217;autor, manteniment de l&#8217;ordre p\u00fablic, aix\u00ed com principis universals d&#8217;\u00fas d&#8217;Internet.<\/p><p>L&#8217;usuari indemnitzar\u00e0 CATALUNYA PARK HOTELS, SL per les despeses que generar\u00e0 la imputaci\u00f3 de la CATALUNYA PARK HOTELS, SL en alguna causa la responsabilitat de la qual fos atribu\u00efble a l&#8217;usuari, inclosos honoraris i despeses de defensa jur\u00eddica, fins i tot en el cas d&#8217;una decisi\u00f3 judicial no definitiva.<\/p><h2>Protecci\u00f3 de la informaci\u00f3 allotjada<\/h2><p>CATALUNYA PARK HOTELS, SL realitza c\u00f2pies de seguretat dels continguts allotjats als seus servidors, per\u00f2, no es responsabilitza de la p\u00e8rdua o l&#8217;esborrament accidental de les dades per part dels usuaris. De la mateixa manera, no garanteix la reposici\u00f3 total de les dades esborrades pels usuaris, ja que les dades esmentades podrien haver estat suprimides i\/o modificades durant el per\u00edode del temps transcorregut des de l&#8217;\u00faltima c\u00f2pia de seguretat.<\/p><h2>Els serveis<\/h2><p>us oferts, excepte els serveis espec\u00edfics de backup, no inclouen la reposici\u00f3 dels continguts conservats a les c\u00f2pies de seguretat realitzades per CATALUNYA PARK HOTELS, SL, quan aquesta p\u00e8rdua sigui imputable a l&#8217;usuari; en aquest cas, es determinar\u00e0 una tarifa d&#8217;acord amb la complexitat i el volum de la recuperaci\u00f3, sempre pr\u00e8via acceptaci\u00f3 de l&#8217;usuari.<\/p><p>La reposici\u00f3 de dades esborrades nom\u00e9s est\u00e0 inclosa en el preu del servei quan la p\u00e8rdua del contingut sigui deguda a causes atribu\u00efbles a CATALUNYA PARK HOTELS, SL.<\/p><h2>Comunicacions comercials<\/h2><p>En aplicaci\u00f3 de la LSSI. CATALUNYA PARK HOTELS, SL no enviar\u00e0 comunicacions publicit\u00e0ries o promocionals per correu electr\u00f2nic o un altre mitj\u00e0 de comunicaci\u00f3 electr\u00f2nica equivalent que pr\u00e8viament no haguessin estat sol\u00b7licitades o expressament autoritzades pels destinataris d&#8217;aquestes.<\/p><p>En el cas d&#8217;usuaris amb els quals hi hagi una relaci\u00f3 contractual pr\u00e8via, CATALUNYA PARK HOTELS, SL s\u00ed que est\u00e0 autoritzat a l&#8217;enviament de comunicacions comercials referents a productes o serveis de CATALUNYA PARK HOTELS, SL que siguin similars als que inicialment van ser objecte de contractaci\u00f3 amb el client.<\/p><p>En tot cas, l&#8217;usuari, despr\u00e9s d&#8217;acreditar-ne la identitat, podr\u00e0 sol\u00b7licitar que no se li faci arribar m\u00e9s informaci\u00f3 comercial a trav\u00e9s dels canals d&#8217;Atenci\u00f3 al Client.<\/p>\t\t\t\t\t\t\t\t<\/div>\n\t\t\t\t<\/div>\n\t\t\t\t\t<\/div>\n\t\t<\/div>\n\t\t\t\t\t<\/div>\n\t\t<\/section>\n\t\t\t\t<\/div>\n\t\t","protected":false},"excerpt":{"rendered":"<p>Protecci\u00f3 de dades Protecci\u00f3 de dades de car\u00e0cter personal segons la LOPD CATALUNYA PARK HOTELS, SL, en aplicaci\u00f3 de la normativa vigent en mat\u00e8ria de protecci\u00f3 de dades de car\u00e0cter personal, informa que les dades personals que es recullen a trav\u00e9s dels formularis del Lloc web: www.avirato.com, s&#8217;inclouen als fitxers automatitzats espec\u00edfics d&#8217;usuaris dels serveis [&hellip;]<\/p>\n","protected":false},"author":3,"featured_media":0,"parent":0,"menu_order":0,"comment_status":"closed","ping_status":"closed","template":"elementor_header_footer","meta":{"ngg_post_thumbnail":0,"footnotes":""},"class_list":["post-5141","page","type-page","status-publish","hentry"],"yoast_head":"<!-- This site is optimized with the Yoast SEO plugin v24.5 - https:\/\/yoast.com\/wordpress\/plugins\/seo\/ -->\n<title>Protecci\u00f3n de datos - Hotel Catalunya Park<\/title>\n<meta name=\"robots\" content=\"index, follow, max-snippet:-1, max-image-preview:large, max-video-preview:-1\" \/>\n<link rel=\"canonical\" href=\"https:\/\/catalunyaparkhotels.com\/HCP\/proteccion-de-datos\/\" \/>\n<meta property=\"og:locale\" content=\"es_ES\" \/>\n<meta property=\"og:type\" content=\"article\" \/>\n<meta property=\"og:title\" content=\"Protecci\u00f3n de datos - Hotel Catalunya Park\" \/>\n<meta property=\"og:description\" content=\"Protecci\u00f3 de dades Protecci\u00f3 de dades de car\u00e0cter personal segons la LOPD CATALUNYA PARK HOTELS, SL, en aplicaci\u00f3 de la normativa vigent en mat\u00e8ria de protecci\u00f3 de dades de car\u00e0cter personal, informa que les dades personals que es recullen a trav\u00e9s dels formularis del Lloc web: www.avirato.com, s&#8217;inclouen als fitxers automatitzats espec\u00edfics d&#8217;usuaris dels serveis [&hellip;]\" \/>\n<meta property=\"og:url\" content=\"https:\/\/catalunyaparkhotels.com\/HCP\/proteccion-de-datos\/\" \/>\n<meta property=\"og:site_name\" content=\"Hotel Catalunya Park\" \/>\n<meta property=\"article:modified_time\" content=\"2024-05-10T20:45:58+00:00\" \/>\n<meta name=\"twitter:label1\" content=\"Tiempo de lectura\" \/>\n\t<meta name=\"twitter:data1\" content=\"8 minutos\" \/>\n<script type=\"application\/ld+json\" class=\"yoast-schema-graph\">{\"@context\":\"https:\/\/schema.org\",\"@graph\":[{\"@type\":\"WebPage\",\"@id\":\"https:\/\/catalunyaparkhotels.com\/HCP\/proteccion-de-datos\/\",\"url\":\"https:\/\/catalunyaparkhotels.com\/HCP\/proteccion-de-datos\/\",\"name\":\"Protecci\u00f3n de datos - Hotel Catalunya Park\",\"isPartOf\":{\"@id\":\"https:\/\/catalunyaparkhotels.com\/HCP\/#website\"},\"datePublished\":\"2024-05-10T19:59:01+00:00\",\"dateModified\":\"2024-05-10T20:45:58+00:00\",\"breadcrumb\":{\"@id\":\"https:\/\/catalunyaparkhotels.com\/HCP\/proteccion-de-datos\/#breadcrumb\"},\"inLanguage\":\"es\",\"potentialAction\":[{\"@type\":\"ReadAction\",\"target\":[\"https:\/\/catalunyaparkhotels.com\/HCP\/proteccion-de-datos\/\"]}]},{\"@type\":\"BreadcrumbList\",\"@id\":\"https:\/\/catalunyaparkhotels.com\/HCP\/proteccion-de-datos\/#breadcrumb\",\"itemListElement\":[{\"@type\":\"ListItem\",\"position\":1,\"name\":\"Portada\",\"item\":\"https:\/\/catalunyaparkhotels.com\/HCP\/\"},{\"@type\":\"ListItem\",\"position\":2,\"name\":\"Protecci\u00f3n de datos\"}]},{\"@type\":\"WebSite\",\"@id\":\"https:\/\/catalunyaparkhotels.com\/HCP\/#website\",\"url\":\"https:\/\/catalunyaparkhotels.com\/HCP\/\",\"name\":\"Hotel Catalunya Park\",\"description\":\"Catalunya Park Hotels \u00b7 Hotels de Turisme familiar \u00b7 Vacances a la Vall de Ribes \u00b7 Excursions a Vall de N\u00faria. llocs web\",\"potentialAction\":[{\"@type\":\"SearchAction\",\"target\":{\"@type\":\"EntryPoint\",\"urlTemplate\":\"https:\/\/catalunyaparkhotels.com\/HCP\/?s={search_term_string}\"},\"query-input\":{\"@type\":\"PropertyValueSpecification\",\"valueRequired\":true,\"valueName\":\"search_term_string\"}}],\"inLanguage\":\"es\"}]}<\/script>\n<!-- \/ Yoast SEO plugin. -->","yoast_head_json":{"title":"Protecci\u00f3n de datos - Hotel Catalunya Park","robots":{"index":"index","follow":"follow","max-snippet":"max-snippet:-1","max-image-preview":"max-image-preview:large","max-video-preview":"max-video-preview:-1"},"canonical":"https:\/\/catalunyaparkhotels.com\/HCP\/proteccion-de-datos\/","og_locale":"es_ES","og_type":"article","og_title":"Protecci\u00f3n de datos - Hotel Catalunya Park","og_description":"Protecci\u00f3 de dades Protecci\u00f3 de dades de car\u00e0cter personal segons la LOPD CATALUNYA PARK HOTELS, SL, en aplicaci\u00f3 de la normativa vigent en mat\u00e8ria de protecci\u00f3 de dades de car\u00e0cter personal, informa que les dades personals que es recullen a trav\u00e9s dels formularis del Lloc web: www.avirato.com, s&#8217;inclouen als fitxers automatitzats espec\u00edfics d&#8217;usuaris dels serveis [&hellip;]","og_url":"https:\/\/catalunyaparkhotels.com\/HCP\/proteccion-de-datos\/","og_site_name":"Hotel Catalunya Park","article_modified_time":"2024-05-10T20:45:58+00:00","twitter_misc":{"Tiempo de lectura":"8 minutos"},"schema":{"@context":"https:\/\/schema.org","@graph":[{"@type":"WebPage","@id":"https:\/\/catalunyaparkhotels.com\/HCP\/proteccion-de-datos\/","url":"https:\/\/catalunyaparkhotels.com\/HCP\/proteccion-de-datos\/","name":"Protecci\u00f3n de datos - Hotel Catalunya Park","isPartOf":{"@id":"https:\/\/catalunyaparkhotels.com\/HCP\/#website"},"datePublished":"2024-05-10T19:59:01+00:00","dateModified":"2024-05-10T20:45:58+00:00","breadcrumb":{"@id":"https:\/\/catalunyaparkhotels.com\/HCP\/proteccion-de-datos\/#breadcrumb"},"inLanguage":"es","potentialAction":[{"@type":"ReadAction","target":["https:\/\/catalunyaparkhotels.com\/HCP\/proteccion-de-datos\/"]}]},{"@type":"BreadcrumbList","@id":"https:\/\/catalunyaparkhotels.com\/HCP\/proteccion-de-datos\/#breadcrumb","itemListElement":[{"@type":"ListItem","position":1,"name":"Portada","item":"https:\/\/catalunyaparkhotels.com\/HCP\/"},{"@type":"ListItem","position":2,"name":"Protecci\u00f3n de datos"}]},{"@type":"WebSite","@id":"https:\/\/catalunyaparkhotels.com\/HCP\/#website","url":"https:\/\/catalunyaparkhotels.com\/HCP\/","name":"Hotel Catalunya Park","description":"Catalunya Park Hotels \u00b7 Hotels de Turisme familiar \u00b7 Vacances a la Vall de Ribes \u00b7 Excursions a Vall de N\u00faria. llocs web","potentialAction":[{"@type":"SearchAction","target":{"@type":"EntryPoint","urlTemplate":"https:\/\/catalunyaparkhotels.com\/HCP\/?s={search_term_string}"},"query-input":{"@type":"PropertyValueSpecification","valueRequired":true,"valueName":"search_term_string"}}],"inLanguage":"es"}]}},"_links":{"self":[{"href":"https:\/\/catalunyaparkhotels.com\/HCP\/wp-json\/wp\/v2\/pages\/5141","targetHints":{"allow":["GET"]}}],"collection":[{"href":"https:\/\/catalunyaparkhotels.com\/HCP\/wp-json\/wp\/v2\/pages"}],"about":[{"href":"https:\/\/catalunyaparkhotels.com\/HCP\/wp-json\/wp\/v2\/types\/page"}],"author":[{"embeddable":true,"href":"https:\/\/catalunyaparkhotels.com\/HCP\/wp-json\/wp\/v2\/users\/3"}],"replies":[{"embeddable":true,"href":"https:\/\/catalunyaparkhotels.com\/HCP\/wp-json\/wp\/v2\/comments?post=5141"}],"version-history":[{"count":13,"href":"https:\/\/catalunyaparkhotels.com\/HCP\/wp-json\/wp\/v2\/pages\/5141\/revisions"}],"predecessor-version":[{"id":5195,"href":"https:\/\/catalunyaparkhotels.com\/HCP\/wp-json\/wp\/v2\/pages\/5141\/revisions\/5195"}],"wp:attachment":[{"href":"https:\/\/catalunyaparkhotels.com\/HCP\/wp-json\/wp\/v2\/media?parent=5141"}],"curies":[{"name":"wp","href":"https:\/\/api.w.org\/{rel}","templated":true}]}}